{"id":228,"date":"2015-09-26T17:10:56","date_gmt":"2015-09-26T22:10:56","guid":{"rendered":"http:\/\/construcsoft.com\/blog\/?page_id=228"},"modified":"2021-03-28T22:47:45","modified_gmt":"2021-03-29T03:47:45","slug":"monoxido-de-carbono","status":"publish","type":"page","link":"https:\/\/construcsoft.com\/blog\/monoxido-de-carbono\/","title":{"rendered":"Mon\u00f3xido de Carbono"},"content":{"rendered":"\n<h1 class=\"wp-block-heading\"><span style=\"color: #008000;\"><a href=\"http:\/\/extracciondemonoxidodecarbono.blogspot.com\" target=\"_blank\" rel=\"noopener noreferrer\">Extracci\u00f3n de Mon\u00f3xido de Carbono en Estacionamientos<\/a><\/span><\/h1>\n\n\n\n<h5 class=\"wp-block-heading\"><a href=\"http:\/\/extracciondemonoxidodecarbono.blogspot.com\" target=\"_blank\" rel=\"noopener noreferrer\"><img loading=\"lazy\" decoding=\"async\" class=\"aligncenter zoom wp-image-245 size-full\" title=\"Ingrese aqu\u00ed para ver los alcances del sistema por JET FAN\" src=\"https:\/\/construcsoft.com\/blog\/wp-content\/uploads\/2015\/09\/Monoxido-carbono.jpg\" alt=\"EXTRACCI\u00d3N DE MON\u00d3XIDO DE CARBONO\" width=\"640\" height=\"480\" srcset=\"https:\/\/construcsoft.com\/blog\/wp-content\/uploads\/2015\/09\/Monoxido-carbono.jpg 640w, https:\/\/construcsoft.com\/blog\/wp-content\/uploads\/2015\/09\/Monoxido-carbono-300x225.jpg 300w\" sizes=\"auto, (max-width: 640px) 100vw, 640px\" \/><\/a><\/h5>\n\n\n\n<p>En la actualidad el mundo se orienta hacia el empleo de ventiladores de impulsi\u00f3n JET FAN del tipo tuboaxial, para la extracci\u00f3n del mon\u00f3xido de carbono en los estacionamientos, dejando de lado el sistema antiguo de ductos met\u00e1licos.<\/p>\n\n\n\n<p>La raz\u00f3n es muy clara por las grandes ventajas que brinda este sistema, como la f\u00e1cil instalaci\u00f3n y mantenimiento de los equipos, la renovaci\u00f3n inmediata del aire viciado, minimizando al m\u00e1ximo las zonas de aire estancado.<\/p>\n\n\n\n<p>Por otro lado la renovaci\u00f3n inmediata del aire viciado, extrae tambi\u00e9n el calor generado por los gases de escape y el motor caliente de los autom\u00f3viles.<\/p>\n\n\n\n<p>Brindamos: asesor\u00eda t\u00e9cnica adecuada, dise\u00f1o integral del sistema, elaboraci\u00f3n de planos, suministro e instalaci\u00f3n de los equipos, pruebas y puesta en marcha.<\/p>\n","protected":false},"excerpt":{"rendered":"<p>Extracci\u00f3n de Mon\u00f3xido de Carbono en Estacionamientos En la actualidad el mundo se orienta hacia el empleo de ventiladores de impulsi\u00f3n JET FAN del tipo tuboaxial, para la extracci\u00f3n del mon\u00f3xido de carbono en los estacionamientos, dejando de lado el sistema antiguo de ductos met\u00e1licos. La raz\u00f3n es muy clara por las grandes ventajas que &hellip; <a href=\"https:\/\/construcsoft.com\/blog\/monoxido-de-carbono\/\" class=\"more-link\">Seguir leyendo <span class=\"screen-reader-text\">Mon\u00f3xido de Carbono<\/span> <span class=\"meta-nav\">&rarr;<\/span><\/a><\/p>\n","protected":false},"author":1,"featured_media":0,"parent":0,"menu_order":0,"comment_status":"closed","ping_status":"closed","template":"page-templates\/full-width.php","meta":{"footnotes":""},"class_list":["post-228","page","type-page","status-publish","hentry"],"yoast_head":"<!-- This site is optimized with the Yoast SEO plugin v27.5 - https:\/\/yoast.com\/product\/yoast-seo-wordpress\/ -->\n<title>Mon\u00f3xido de Carbono - Software para la Construcci\u00f3n \u2502An\u00e1lisis de Precios Unitarios \u2502Costos y Presupuestos \u2502Programaci\u00f3n \u2502Valorizaci\u00f3n \u2502Control de Obra por el Valor Ganado<\/title>\n<meta name=\"robots\" content=\"index, follow, max-snippet:-1, max-image-preview:large, max-video-preview:-1\" \/>\n<link rel=\"canonical\" href=\"https:\/\/construcsoft.com\/blog\/monoxido-de-carbono\/\" \/>\n<meta property=\"og:locale\" content=\"es_ES\" \/>\n<meta property=\"og:type\" content=\"article\" \/>\n<meta property=\"og:title\" content=\"Mon\u00f3xido de Carbono - Software para la Construcci\u00f3n \u2502An\u00e1lisis de Precios Unitarios \u2502Costos y Presupuestos \u2502Programaci\u00f3n \u2502Valorizaci\u00f3n \u2502Control de Obra por el Valor Ganado\" \/>\n<meta property=\"og:description\" content=\"Extracci\u00f3n de Mon\u00f3xido de Carbono en Estacionamientos En la actualidad el mundo se orienta hacia el empleo de ventiladores de impulsi\u00f3n JET FAN del tipo tuboaxial, para la extracci\u00f3n del mon\u00f3xido de carbono en los estacionamientos, dejando de lado el sistema antiguo de ductos met\u00e1licos. La raz\u00f3n es muy clara por las grandes ventajas que &hellip; Seguir leyendo Mon\u00f3xido de Carbono &rarr;\" \/>\n<meta property=\"og:url\" content=\"https:\/\/construcsoft.com\/blog\/monoxido-de-carbono\/\" \/>\n<meta property=\"og:site_name\" content=\"Software para la Construcci\u00f3n \u2502An\u00e1lisis de Precios Unitarios \u2502Costos y Presupuestos \u2502Programaci\u00f3n \u2502Valorizaci\u00f3n \u2502Control de Obra por el Valor Ganado\" \/>\n<meta property=\"article:modified_time\" content=\"2021-03-29T03:47:45+00:00\" \/>\n<meta property=\"og:image\" content=\"https:\/\/construcsoft.com\/blog\/wp-content\/uploads\/2015\/09\/Monoxido-carbono.jpg\" \/>\n<meta name=\"twitter:card\" content=\"summary_large_image\" \/>\n<meta name=\"twitter:label1\" content=\"Tiempo de lectura\" \/>\n\t<meta name=\"twitter:data1\" content=\"1 minuto\" \/>\n<script type=\"application\/ld+json\" class=\"yoast-schema-graph\">{\"@context\":\"https:\\\/\\\/schema.org\",\"@graph\":[{\"@type\":\"WebPage\",\"@id\":\"https:\\\/\\\/construcsoft.com\\\/blog\\\/monoxido-de-carbono\\\/\",\"url\":\"https:\\\/\\\/construcsoft.com\\\/blog\\\/monoxido-de-carbono\\\/\",\"name\":\"Mon\u00f3xido de Carbono - Software para la Construcci\u00f3n \u2502An\u00e1lisis de Precios Unitarios \u2502Costos y Presupuestos \u2502Programaci\u00f3n \u2502Valorizaci\u00f3n \u2502Control de Obra por el Valor Ganado\",\"isPartOf\":{\"@id\":\"https:\\\/\\\/construcsoft.com\\\/blog\\\/#website\"},\"primaryImageOfPage\":{\"@id\":\"https:\\\/\\\/construcsoft.com\\\/blog\\\/monoxido-de-carbono\\\/#primaryimage\"},\"image\":{\"@id\":\"https:\\\/\\\/construcsoft.com\\\/blog\\\/monoxido-de-carbono\\\/#primaryimage\"},\"thumbnailUrl\":\"https:\\\/\\\/construcsoft.com\\\/blog\\\/wp-content\\\/uploads\\\/2015\\\/09\\\/Monoxido-carbono.jpg\",\"datePublished\":\"2015-09-26T22:10:56+00:00\",\"dateModified\":\"2021-03-29T03:47:45+00:00\",\"breadcrumb\":{\"@id\":\"https:\\\/\\\/construcsoft.com\\\/blog\\\/monoxido-de-carbono\\\/#breadcrumb\"},\"inLanguage\":\"es\",\"potentialAction\":[{\"@type\":\"ReadAction\",\"target\":[\"https:\\\/\\\/construcsoft.com\\\/blog\\\/monoxido-de-carbono\\\/\"]}]},{\"@type\":\"ImageObject\",\"inLanguage\":\"es\",\"@id\":\"https:\\\/\\\/construcsoft.com\\\/blog\\\/monoxido-de-carbono\\\/#primaryimage\",\"url\":\"https:\\\/\\\/construcsoft.com\\\/blog\\\/wp-content\\\/uploads\\\/2015\\\/09\\\/Monoxido-carbono.jpg\",\"contentUrl\":\"https:\\\/\\\/construcsoft.com\\\/blog\\\/wp-content\\\/uploads\\\/2015\\\/09\\\/Monoxido-carbono.jpg\",\"width\":640,\"height\":480,\"caption\":\"OLYMPUS DIGITAL CAMERA\"},{\"@type\":\"BreadcrumbList\",\"@id\":\"https:\\\/\\\/construcsoft.com\\\/blog\\\/monoxido-de-carbono\\\/#breadcrumb\",\"itemListElement\":[{\"@type\":\"ListItem\",\"position\":1,\"name\":\"Inicio\",\"item\":\"https:\\\/\\\/construcsoft.com\\\/blog\\\/\"},{\"@type\":\"ListItem\",\"position\":2,\"name\":\"Mon\u00f3xido de Carbono\"}]},{\"@type\":\"WebSite\",\"@id\":\"https:\\\/\\\/construcsoft.com\\\/blog\\\/#website\",\"url\":\"https:\\\/\\\/construcsoft.com\\\/blog\\\/\",\"name\":\"Software para la Construcci\u00f3n \u2502An\u00e1lisis de Precios Unitarios \u2502Costos y Presupuestos \u2502Programaci\u00f3n \u2502Valorizaci\u00f3n \u2502Control de Obra por el Valor Ganado\",\"description\":\"Software para Construcci\u00f3n - ConstrucSoft\",\"publisher\":{\"@id\":\"https:\\\/\\\/construcsoft.com\\\/blog\\\/#\\\/schema\\\/person\\\/f456897c1565f7ef1c628b8f708b39fb\"},\"potentialAction\":[{\"@type\":\"SearchAction\",\"target\":{\"@type\":\"EntryPoint\",\"urlTemplate\":\"https:\\\/\\\/construcsoft.com\\\/blog\\\/?s={search_term_string}\"},\"query-input\":{\"@type\":\"PropertyValueSpecification\",\"valueRequired\":true,\"valueName\":\"search_term_string\"}}],\"inLanguage\":\"es\"},{\"@type\":[\"Person\",\"Organization\"],\"@id\":\"https:\\\/\\\/construcsoft.com\\\/blog\\\/#\\\/schema\\\/person\\\/f456897c1565f7ef1c628b8f708b39fb\",\"name\":\"Gilberto Le\u00f3n Ruiz\",\"image\":{\"@type\":\"ImageObject\",\"inLanguage\":\"es\",\"@id\":\"https:\\\/\\\/construcsoft.com\\\/blog\\\/wp-content\\\/uploads\\\/2015\\\/09\\\/Foto_Beto.jpg\",\"url\":\"https:\\\/\\\/construcsoft.com\\\/blog\\\/wp-content\\\/uploads\\\/2015\\\/09\\\/Foto_Beto.jpg\",\"contentUrl\":\"https:\\\/\\\/construcsoft.com\\\/blog\\\/wp-content\\\/uploads\\\/2015\\\/09\\\/Foto_Beto.jpg\",\"width\":1600,\"height\":1200,\"caption\":\"Gilberto Le\u00f3n Ruiz\"},\"logo\":{\"@id\":\"https:\\\/\\\/construcsoft.com\\\/blog\\\/wp-content\\\/uploads\\\/2015\\\/09\\\/Foto_Beto.jpg\"},\"sameAs\":[\"http:\\\/\\\/CONSTRUCSOFT.COM\"]}]}<\/script>\n<!-- \/ Yoast SEO plugin. -->","yoast_head_json":{"title":"Mon\u00f3xido de Carbono - Software para la Construcci\u00f3n \u2502An\u00e1lisis de Precios Unitarios \u2502Costos y Presupuestos \u2502Programaci\u00f3n \u2502Valorizaci\u00f3n \u2502Control de Obra por el Valor Ganado","robots":{"index":"index","follow":"follow","max-snippet":"max-snippet:-1","max-image-preview":"max-image-preview:large","max-video-preview":"max-video-preview:-1"},"canonical":"https:\/\/construcsoft.com\/blog\/monoxido-de-carbono\/","og_locale":"es_ES","og_type":"article","og_title":"Mon\u00f3xido de Carbono - Software para la Construcci\u00f3n \u2502An\u00e1lisis de Precios Unitarios \u2502Costos y Presupuestos \u2502Programaci\u00f3n \u2502Valorizaci\u00f3n \u2502Control de Obra por el Valor Ganado","og_description":"Extracci\u00f3n de Mon\u00f3xido de Carbono en Estacionamientos En la actualidad el mundo se orienta hacia el empleo de ventiladores de impulsi\u00f3n JET FAN del tipo tuboaxial, para la extracci\u00f3n del mon\u00f3xido de carbono en los estacionamientos, dejando de lado el sistema antiguo de ductos met\u00e1licos. La raz\u00f3n es muy clara por las grandes ventajas que &hellip; Seguir leyendo Mon\u00f3xido de Carbono &rarr;","og_url":"https:\/\/construcsoft.com\/blog\/monoxido-de-carbono\/","og_site_name":"Software para la Construcci\u00f3n \u2502An\u00e1lisis de Precios Unitarios \u2502Costos y Presupuestos \u2502Programaci\u00f3n \u2502Valorizaci\u00f3n \u2502Control de Obra por el Valor Ganado","article_modified_time":"2021-03-29T03:47:45+00:00","og_image":[{"url":"https:\/\/construcsoft.com\/blog\/wp-content\/uploads\/2015\/09\/Monoxido-carbono.jpg","type":"","width":"","height":""}],"twitter_card":"summary_large_image","twitter_misc":{"Tiempo de lectura":"1 minuto"},"schema":{"@context":"https:\/\/schema.org","@graph":[{"@type":"WebPage","@id":"https:\/\/construcsoft.com\/blog\/monoxido-de-carbono\/","url":"https:\/\/construcsoft.com\/blog\/monoxido-de-carbono\/","name":"Mon\u00f3xido de Carbono - Software para la Construcci\u00f3n \u2502An\u00e1lisis de Precios Unitarios \u2502Costos y Presupuestos \u2502Programaci\u00f3n \u2502Valorizaci\u00f3n \u2502Control de Obra por el Valor Ganado","isPartOf":{"@id":"https:\/\/construcsoft.com\/blog\/#website"},"primaryImageOfPage":{"@id":"https:\/\/construcsoft.com\/blog\/monoxido-de-carbono\/#primaryimage"},"image":{"@id":"https:\/\/construcsoft.com\/blog\/monoxido-de-carbono\/#primaryimage"},"thumbnailUrl":"https:\/\/construcsoft.com\/blog\/wp-content\/uploads\/2015\/09\/Monoxido-carbono.jpg","datePublished":"2015-09-26T22:10:56+00:00","dateModified":"2021-03-29T03:47:45+00:00","breadcrumb":{"@id":"https:\/\/construcsoft.com\/blog\/monoxido-de-carbono\/#breadcrumb"},"inLanguage":"es","potentialAction":[{"@type":"ReadAction","target":["https:\/\/construcsoft.com\/blog\/monoxido-de-carbono\/"]}]},{"@type":"ImageObject","inLanguage":"es","@id":"https:\/\/construcsoft.com\/blog\/monoxido-de-carbono\/#primaryimage","url":"https:\/\/construcsoft.com\/blog\/wp-content\/uploads\/2015\/09\/Monoxido-carbono.jpg","contentUrl":"https:\/\/construcsoft.com\/blog\/wp-content\/uploads\/2015\/09\/Monoxido-carbono.jpg","width":640,"height":480,"caption":"OLYMPUS DIGITAL CAMERA"},{"@type":"BreadcrumbList","@id":"https:\/\/construcsoft.com\/blog\/monoxido-de-carbono\/#breadcrumb","itemListElement":[{"@type":"ListItem","position":1,"name":"Inicio","item":"https:\/\/construcsoft.com\/blog\/"},{"@type":"ListItem","position":2,"name":"Mon\u00f3xido de Carbono"}]},{"@type":"WebSite","@id":"https:\/\/construcsoft.com\/blog\/#website","url":"https:\/\/construcsoft.com\/blog\/","name":"Software para la Construcci\u00f3n \u2502An\u00e1lisis de Precios Unitarios \u2502Costos y Presupuestos \u2502Programaci\u00f3n \u2502Valorizaci\u00f3n \u2502Control de Obra por el Valor Ganado","description":"Software para Construcci\u00f3n - ConstrucSoft","publisher":{"@id":"https:\/\/construcsoft.com\/blog\/#\/schema\/person\/f456897c1565f7ef1c628b8f708b39fb"},"potentialAction":[{"@type":"SearchAction","target":{"@type":"EntryPoint","urlTemplate":"https:\/\/construcsoft.com\/blog\/?s={search_term_string}"},"query-input":{"@type":"PropertyValueSpecification","valueRequired":true,"valueName":"search_term_string"}}],"inLanguage":"es"},{"@type":["Person","Organization"],"@id":"https:\/\/construcsoft.com\/blog\/#\/schema\/person\/f456897c1565f7ef1c628b8f708b39fb","name":"Gilberto Le\u00f3n Ruiz","image":{"@type":"ImageObject","inLanguage":"es","@id":"https:\/\/construcsoft.com\/blog\/wp-content\/uploads\/2015\/09\/Foto_Beto.jpg","url":"https:\/\/construcsoft.com\/blog\/wp-content\/uploads\/2015\/09\/Foto_Beto.jpg","contentUrl":"https:\/\/construcsoft.com\/blog\/wp-content\/uploads\/2015\/09\/Foto_Beto.jpg","width":1600,"height":1200,"caption":"Gilberto Le\u00f3n Ruiz"},"logo":{"@id":"https:\/\/construcsoft.com\/blog\/wp-content\/uploads\/2015\/09\/Foto_Beto.jpg"},"sameAs":["http:\/\/CONSTRUCSOFT.COM"]}]}},"_links":{"self":[{"href":"https:\/\/construcsoft.com\/blog\/wp-json\/wp\/v2\/pages\/228","targetHints":{"allow":["GET"]}}],"collection":[{"href":"https:\/\/construcsoft.com\/blog\/wp-json\/wp\/v2\/pages"}],"about":[{"href":"https:\/\/construcsoft.com\/blog\/wp-json\/wp\/v2\/types\/page"}],"author":[{"embeddable":true,"href":"https:\/\/construcsoft.com\/blog\/wp-json\/wp\/v2\/users\/1"}],"replies":[{"embeddable":true,"href":"https:\/\/construcsoft.com\/blog\/wp-json\/wp\/v2\/comments?post=228"}],"version-history":[{"count":20,"href":"https:\/\/construcsoft.com\/blog\/wp-json\/wp\/v2\/pages\/228\/revisions"}],"predecessor-version":[{"id":784,"href":"https:\/\/construcsoft.com\/blog\/wp-json\/wp\/v2\/pages\/228\/revisions\/784"}],"wp:attachment":[{"href":"https:\/\/construcsoft.com\/blog\/wp-json\/wp\/v2\/media?parent=228"}],"curies":[{"name":"wp","href":"https:\/\/api.w.org\/{rel}","templated":true}]}}