{"id":310,"date":"2016-09-26T13:22:54","date_gmt":"2016-09-26T18:22:54","guid":{"rendered":"http:\/\/construcsoft.com\/blog\/?page_id=310"},"modified":"2021-03-29T16:37:46","modified_gmt":"2021-03-29T21:37:46","slug":"descargar-software-gratis","status":"publish","type":"page","link":"https:\/\/construcsoft.com\/blog\/descargar-software-gratis\/","title":{"rendered":"DESCARGAR Software Gratis"},"content":{"rendered":"\n<h1 class=\"wp-block-heading\"><strong><a href=\"http:\/\/softwaregratispresupuestos.blogspot.com\" target=\"_blank\" rel=\"noopener noreferrer\">Software GRATIS &#8211; ConstrucSoft Civil<\/a><\/strong><\/h1>\n\n\n\n<div class=\"wp-block-image\"><figure class=\"alignleft\"><a href=\"http:\/\/softwaregratispresupuestos.blogspot.com\" target=\"_blank\" rel=\"attachment noopener wp-att-138 noreferrer\"><img loading=\"lazy\" decoding=\"async\" width=\"300\" height=\"225\" src=\"http:\/\/construcsoft.com\/blog\/wp-content\/uploads\/2015\/09\/ConstrucGratis-300x225.jpg\" alt=\"Software Gratis ConstrucSoft Valor Ganado\" class=\"wp-image-138\" title=\"Descargue aqu\u00ed, el Software Gratis ConstrucSoft Civil y comience a presupuestar obras\" srcset=\"https:\/\/construcsoft.com\/blog\/wp-content\/uploads\/2015\/09\/ConstrucGratis-300x225.jpg 300w, https:\/\/construcsoft.com\/blog\/wp-content\/uploads\/2015\/09\/ConstrucGratis.jpg 640w\" sizes=\"auto, (max-width: 300px) 100vw, 300px\" \/><\/a><\/figure><\/div>\n\n\n\n<p>Descargue el sistema<strong> ConstrucSoft-Gratis<\/strong> que le permitir\u00e1 presupuestar y programar todo de obras, civiles y electromec\u00e1nicas.<\/p>\n\n\n\n<p>Tambi\u00e9n puede descargar el <strong>Manual de Operaci\u00f3n<\/strong> del sistema ConstrucSoft Valor Ganado, que contiene an\u00e1lisis de precios unitarios, tablas \u00fatiles y rendimientos para obras electromec\u00e1nicas.<\/p>\n\n\n\n<h1 class=\"wp-block-heading\"><strong><a href=\"http:\/\/softwaredemomecanico.blogspot.com\" target=\"_blank\" rel=\"noopener noreferrer\">Software GRATIS &#8211; ConstrucSoft Mec\u00e1nico<\/a><\/strong><\/h1>\n\n\n\n<div class=\"wp-block-image\"><figure class=\"alignleft\"><a href=\"http:\/\/softwaredemomecanico.blogspot.com\" target=\"_blank\" rel=\"noopener\"><img loading=\"lazy\" decoding=\"async\" width=\"300\" height=\"208\" src=\"https:\/\/construcsoft.com\/blog\/wp-content\/uploads\/2021\/03\/Mecano_Gratis-300x208.jpg\" alt=\"Software Gratis ConstrucSoft Mec\u00e1nico\" class=\"wp-image-723\" title=\"Descargue aqu\u00ed, el Software Gratis ConstrucSoft Mec\u00e1nico y presupueste sus obras\" srcset=\"https:\/\/construcsoft.com\/blog\/wp-content\/uploads\/2021\/03\/Mecano_Gratis-300x208.jpg 300w, https:\/\/construcsoft.com\/blog\/wp-content\/uploads\/2021\/03\/Mecano_Gratis-1024x710.jpg 1024w, https:\/\/construcsoft.com\/blog\/wp-content\/uploads\/2021\/03\/Mecano_Gratis-768x533.jpg 768w, https:\/\/construcsoft.com\/blog\/wp-content\/uploads\/2021\/03\/Mecano_Gratis.jpg 1250w\" sizes=\"auto, (max-width: 300px) 100vw, 300px\" \/><\/a><\/figure><\/div>\n\n\n\n<p>Descargue <strong>Gratis<\/strong> el Sistema <strong>ConstrucSoft Mec\u00e1nico<\/strong>, es el \u00fanico sistema en el medio de la construcci\u00f3n, que le permitir\u00e1 presupuestar en tiempo record sus obras electrom\u00e9canicas, en base a rendimientos de horas hombre.<\/p>\n\n\n\n<h1 class=\"wp-block-heading\"><span style=\"color: #008000;\"><a href=\"http:\/\/softwaredemorendicion.blogspot.com\" target=\"_blank\" rel=\"noopener noreferrer\">Software DEMO ConstrucSoft-Rendiciones<\/a><\/span><\/h1>\n\n\n\n<div class=\"wp-block-image\"><figure class=\"alignleft\"><a href=\"http:\/\/softwaredemorendicion.blogspot.com\" target=\"_blank\" rel=\"noopener noreferrer\"><img loading=\"lazy\" decoding=\"async\" width=\"300\" height=\"197\" src=\"http:\/\/construcsoft.com\/blog\/wp-content\/uploads\/2016\/09\/Rendicion-300x197.jpg\" alt=\"rendicion\" class=\"wp-image-320\" title=\"Descrague aqu\u00ed, ConstrucSoft Rendiciones DEMO, y empiece a Controlar Econ\u00f3micamente sus Obras\" srcset=\"https:\/\/construcsoft.com\/blog\/wp-content\/uploads\/2016\/09\/Rendicion-300x197.jpg 300w, https:\/\/construcsoft.com\/blog\/wp-content\/uploads\/2016\/09\/Rendicion-1024x673.jpg 1024w, https:\/\/construcsoft.com\/blog\/wp-content\/uploads\/2016\/09\/Rendicion.jpg 1052w\" sizes=\"auto, (max-width: 300px) 100vw, 300px\" \/><\/a><\/figure><\/div>\n\n\n\n<p>ConstrucSoft Rendiciones, permite llevar el control econ\u00f3mico de sus obras, de una forma \u00e1gil, f\u00e1cil, sencilla y ordenada.<\/p>\n","protected":false},"excerpt":{"rendered":"<p>Software GRATIS &#8211; ConstrucSoft Civil Descargue el sistema ConstrucSoft-Gratis que le permitir\u00e1 presupuestar y programar todo de obras, civiles y electromec\u00e1nicas. Tambi\u00e9n puede descargar el Manual de Operaci\u00f3n del sistema ConstrucSoft Valor Ganado, que contiene an\u00e1lisis de precios unitarios, tablas \u00fatiles y rendimientos para obras electromec\u00e1nicas. Software GRATIS &#8211; ConstrucSoft Mec\u00e1nico Descargue Gratis el Sistema &hellip; <a href=\"https:\/\/construcsoft.com\/blog\/descargar-software-gratis\/\" class=\"more-link\">Seguir leyendo <span class=\"screen-reader-text\">DESCARGAR Software Gratis<\/span> <span class=\"meta-nav\">&rarr;<\/span><\/a><\/p>\n","protected":false},"author":1,"featured_media":0,"parent":0,"menu_order":0,"comment_status":"closed","ping_status":"closed","template":"page-templates\/full-width.php","meta":{"footnotes":""},"class_list":["post-310","page","type-page","status-publish","hentry"],"yoast_head":"<!-- This site is optimized with the Yoast SEO plugin v27.4 - https:\/\/yoast.com\/product\/yoast-seo-wordpress\/ -->\n<title>DESCARGAR Software Gratis - Software para la Construcci\u00f3n \u2502An\u00e1lisis de Precios Unitarios \u2502Costos y Presupuestos \u2502Programaci\u00f3n \u2502Valorizaci\u00f3n \u2502Control de Obra por el Valor Ganado<\/title>\n<meta name=\"description\" content=\"Descargue gratuitamente los sistemas ConstrucSoft\" \/>\n<meta name=\"robots\" content=\"index, follow, max-snippet:-1, max-image-preview:large, max-video-preview:-1\" \/>\n<link rel=\"canonical\" href=\"https:\/\/construcsoft.com\/blog\/descargar-software-gratis\/\" \/>\n<meta property=\"og:locale\" content=\"es_ES\" \/>\n<meta property=\"og:type\" content=\"article\" \/>\n<meta property=\"og:title\" content=\"DESCARGAR Software Gratis - Software para la Construcci\u00f3n \u2502An\u00e1lisis de Precios Unitarios \u2502Costos y Presupuestos \u2502Programaci\u00f3n \u2502Valorizaci\u00f3n \u2502Control de Obra por el Valor Ganado\" \/>\n<meta property=\"og:description\" content=\"Descargue gratuitamente los sistemas ConstrucSoft\" \/>\n<meta property=\"og:url\" content=\"https:\/\/construcsoft.com\/blog\/descargar-software-gratis\/\" \/>\n<meta property=\"og:site_name\" content=\"Software para la Construcci\u00f3n \u2502An\u00e1lisis de Precios Unitarios \u2502Costos y Presupuestos \u2502Programaci\u00f3n \u2502Valorizaci\u00f3n \u2502Control de Obra por el Valor Ganado\" \/>\n<meta property=\"article:modified_time\" content=\"2021-03-29T21:37:46+00:00\" \/>\n<meta property=\"og:image\" content=\"http:\/\/construcsoft.com\/blog\/wp-content\/uploads\/2015\/09\/ConstrucGratis-300x225.jpg\" \/>\n<meta name=\"twitter:card\" content=\"summary_large_image\" \/>\n<meta name=\"twitter:label1\" content=\"Tiempo de lectura\" \/>\n\t<meta name=\"twitter:data1\" content=\"2 minutos\" \/>\n<script type=\"application\/ld+json\" class=\"yoast-schema-graph\">{\"@context\":\"https:\\\/\\\/schema.org\",\"@graph\":[{\"@type\":\"WebPage\",\"@id\":\"https:\\\/\\\/construcsoft.com\\\/blog\\\/descargar-software-gratis\\\/\",\"url\":\"https:\\\/\\\/construcsoft.com\\\/blog\\\/descargar-software-gratis\\\/\",\"name\":\"DESCARGAR Software Gratis - Software para la Construcci\u00f3n \u2502An\u00e1lisis de Precios Unitarios \u2502Costos y Presupuestos \u2502Programaci\u00f3n \u2502Valorizaci\u00f3n \u2502Control de Obra por el Valor Ganado\",\"isPartOf\":{\"@id\":\"https:\\\/\\\/construcsoft.com\\\/blog\\\/#website\"},\"primaryImageOfPage\":{\"@id\":\"https:\\\/\\\/construcsoft.com\\\/blog\\\/descargar-software-gratis\\\/#primaryimage\"},\"image\":{\"@id\":\"https:\\\/\\\/construcsoft.com\\\/blog\\\/descargar-software-gratis\\\/#primaryimage\"},\"thumbnailUrl\":\"http:\\\/\\\/construcsoft.com\\\/blog\\\/wp-content\\\/uploads\\\/2015\\\/09\\\/ConstrucGratis-300x225.jpg\",\"datePublished\":\"2016-09-26T18:22:54+00:00\",\"dateModified\":\"2021-03-29T21:37:46+00:00\",\"description\":\"Descargue gratuitamente los sistemas ConstrucSoft\",\"breadcrumb\":{\"@id\":\"https:\\\/\\\/construcsoft.com\\\/blog\\\/descargar-software-gratis\\\/#breadcrumb\"},\"inLanguage\":\"es\",\"potentialAction\":[{\"@type\":\"ReadAction\",\"target\":[\"https:\\\/\\\/construcsoft.com\\\/blog\\\/descargar-software-gratis\\\/\"]}]},{\"@type\":\"ImageObject\",\"inLanguage\":\"es\",\"@id\":\"https:\\\/\\\/construcsoft.com\\\/blog\\\/descargar-software-gratis\\\/#primaryimage\",\"url\":\"https:\\\/\\\/construcsoft.com\\\/blog\\\/wp-content\\\/uploads\\\/2015\\\/09\\\/ConstrucGratis.jpg\",\"contentUrl\":\"https:\\\/\\\/construcsoft.com\\\/blog\\\/wp-content\\\/uploads\\\/2015\\\/09\\\/ConstrucGratis.jpg\",\"width\":640,\"height\":480},{\"@type\":\"BreadcrumbList\",\"@id\":\"https:\\\/\\\/construcsoft.com\\\/blog\\\/descargar-software-gratis\\\/#breadcrumb\",\"itemListElement\":[{\"@type\":\"ListItem\",\"position\":1,\"name\":\"Inicio\",\"item\":\"https:\\\/\\\/construcsoft.com\\\/blog\\\/\"},{\"@type\":\"ListItem\",\"position\":2,\"name\":\"DESCARGAR Software Gratis\"}]},{\"@type\":\"WebSite\",\"@id\":\"https:\\\/\\\/construcsoft.com\\\/blog\\\/#website\",\"url\":\"https:\\\/\\\/construcsoft.com\\\/blog\\\/\",\"name\":\"Software para la Construcci\u00f3n \u2502An\u00e1lisis de Precios Unitarios \u2502Costos y Presupuestos \u2502Programaci\u00f3n \u2502Valorizaci\u00f3n \u2502Control de Obra por el Valor Ganado\",\"description\":\"Software para Construcci\u00f3n - ConstrucSoft\",\"publisher\":{\"@id\":\"https:\\\/\\\/construcsoft.com\\\/blog\\\/#\\\/schema\\\/person\\\/f456897c1565f7ef1c628b8f708b39fb\"},\"potentialAction\":[{\"@type\":\"SearchAction\",\"target\":{\"@type\":\"EntryPoint\",\"urlTemplate\":\"https:\\\/\\\/construcsoft.com\\\/blog\\\/?s={search_term_string}\"},\"query-input\":{\"@type\":\"PropertyValueSpecification\",\"valueRequired\":true,\"valueName\":\"search_term_string\"}}],\"inLanguage\":\"es\"},{\"@type\":[\"Person\",\"Organization\"],\"@id\":\"https:\\\/\\\/construcsoft.com\\\/blog\\\/#\\\/schema\\\/person\\\/f456897c1565f7ef1c628b8f708b39fb\",\"name\":\"Gilberto Le\u00f3n Ruiz\",\"image\":{\"@type\":\"ImageObject\",\"inLanguage\":\"es\",\"@id\":\"https:\\\/\\\/construcsoft.com\\\/blog\\\/wp-content\\\/uploads\\\/2015\\\/09\\\/Foto_Beto.jpg\",\"url\":\"https:\\\/\\\/construcsoft.com\\\/blog\\\/wp-content\\\/uploads\\\/2015\\\/09\\\/Foto_Beto.jpg\",\"contentUrl\":\"https:\\\/\\\/construcsoft.com\\\/blog\\\/wp-content\\\/uploads\\\/2015\\\/09\\\/Foto_Beto.jpg\",\"width\":1600,\"height\":1200,\"caption\":\"Gilberto Le\u00f3n Ruiz\"},\"logo\":{\"@id\":\"https:\\\/\\\/construcsoft.com\\\/blog\\\/wp-content\\\/uploads\\\/2015\\\/09\\\/Foto_Beto.jpg\"},\"sameAs\":[\"http:\\\/\\\/CONSTRUCSOFT.COM\"]}]}<\/script>\n<!-- \/ Yoast SEO plugin. -->","yoast_head_json":{"title":"DESCARGAR Software Gratis - Software para la Construcci\u00f3n \u2502An\u00e1lisis de Precios Unitarios \u2502Costos y Presupuestos \u2502Programaci\u00f3n \u2502Valorizaci\u00f3n \u2502Control de Obra por el Valor Ganado","description":"Descargue gratuitamente los sistemas ConstrucSoft","robots":{"index":"index","follow":"follow","max-snippet":"max-snippet:-1","max-image-preview":"max-image-preview:large","max-video-preview":"max-video-preview:-1"},"canonical":"https:\/\/construcsoft.com\/blog\/descargar-software-gratis\/","og_locale":"es_ES","og_type":"article","og_title":"DESCARGAR Software Gratis - Software para la Construcci\u00f3n \u2502An\u00e1lisis de Precios Unitarios \u2502Costos y Presupuestos \u2502Programaci\u00f3n \u2502Valorizaci\u00f3n \u2502Control de Obra por el Valor Ganado","og_description":"Descargue gratuitamente los sistemas ConstrucSoft","og_url":"https:\/\/construcsoft.com\/blog\/descargar-software-gratis\/","og_site_name":"Software para la Construcci\u00f3n \u2502An\u00e1lisis de Precios Unitarios \u2502Costos y Presupuestos \u2502Programaci\u00f3n \u2502Valorizaci\u00f3n \u2502Control de Obra por el Valor Ganado","article_modified_time":"2021-03-29T21:37:46+00:00","og_image":[{"url":"http:\/\/construcsoft.com\/blog\/wp-content\/uploads\/2015\/09\/ConstrucGratis-300x225.jpg","type":"","width":"","height":""}],"twitter_card":"summary_large_image","twitter_misc":{"Tiempo de lectura":"2 minutos"},"schema":{"@context":"https:\/\/schema.org","@graph":[{"@type":"WebPage","@id":"https:\/\/construcsoft.com\/blog\/descargar-software-gratis\/","url":"https:\/\/construcsoft.com\/blog\/descargar-software-gratis\/","name":"DESCARGAR Software Gratis - Software para la Construcci\u00f3n \u2502An\u00e1lisis de Precios Unitarios \u2502Costos y Presupuestos \u2502Programaci\u00f3n \u2502Valorizaci\u00f3n \u2502Control de Obra por el Valor Ganado","isPartOf":{"@id":"https:\/\/construcsoft.com\/blog\/#website"},"primaryImageOfPage":{"@id":"https:\/\/construcsoft.com\/blog\/descargar-software-gratis\/#primaryimage"},"image":{"@id":"https:\/\/construcsoft.com\/blog\/descargar-software-gratis\/#primaryimage"},"thumbnailUrl":"http:\/\/construcsoft.com\/blog\/wp-content\/uploads\/2015\/09\/ConstrucGratis-300x225.jpg","datePublished":"2016-09-26T18:22:54+00:00","dateModified":"2021-03-29T21:37:46+00:00","description":"Descargue gratuitamente los sistemas ConstrucSoft","breadcrumb":{"@id":"https:\/\/construcsoft.com\/blog\/descargar-software-gratis\/#breadcrumb"},"inLanguage":"es","potentialAction":[{"@type":"ReadAction","target":["https:\/\/construcsoft.com\/blog\/descargar-software-gratis\/"]}]},{"@type":"ImageObject","inLanguage":"es","@id":"https:\/\/construcsoft.com\/blog\/descargar-software-gratis\/#primaryimage","url":"https:\/\/construcsoft.com\/blog\/wp-content\/uploads\/2015\/09\/ConstrucGratis.jpg","contentUrl":"https:\/\/construcsoft.com\/blog\/wp-content\/uploads\/2015\/09\/ConstrucGratis.jpg","width":640,"height":480},{"@type":"BreadcrumbList","@id":"https:\/\/construcsoft.com\/blog\/descargar-software-gratis\/#breadcrumb","itemListElement":[{"@type":"ListItem","position":1,"name":"Inicio","item":"https:\/\/construcsoft.com\/blog\/"},{"@type":"ListItem","position":2,"name":"DESCARGAR Software Gratis"}]},{"@type":"WebSite","@id":"https:\/\/construcsoft.com\/blog\/#website","url":"https:\/\/construcsoft.com\/blog\/","name":"Software para la Construcci\u00f3n \u2502An\u00e1lisis de Precios Unitarios \u2502Costos y Presupuestos \u2502Programaci\u00f3n \u2502Valorizaci\u00f3n \u2502Control de Obra por el Valor Ganado","description":"Software para Construcci\u00f3n - ConstrucSoft","publisher":{"@id":"https:\/\/construcsoft.com\/blog\/#\/schema\/person\/f456897c1565f7ef1c628b8f708b39fb"},"potentialAction":[{"@type":"SearchAction","target":{"@type":"EntryPoint","urlTemplate":"https:\/\/construcsoft.com\/blog\/?s={search_term_string}"},"query-input":{"@type":"PropertyValueSpecification","valueRequired":true,"valueName":"search_term_string"}}],"inLanguage":"es"},{"@type":["Person","Organization"],"@id":"https:\/\/construcsoft.com\/blog\/#\/schema\/person\/f456897c1565f7ef1c628b8f708b39fb","name":"Gilberto Le\u00f3n Ruiz","image":{"@type":"ImageObject","inLanguage":"es","@id":"https:\/\/construcsoft.com\/blog\/wp-content\/uploads\/2015\/09\/Foto_Beto.jpg","url":"https:\/\/construcsoft.com\/blog\/wp-content\/uploads\/2015\/09\/Foto_Beto.jpg","contentUrl":"https:\/\/construcsoft.com\/blog\/wp-content\/uploads\/2015\/09\/Foto_Beto.jpg","width":1600,"height":1200,"caption":"Gilberto Le\u00f3n Ruiz"},"logo":{"@id":"https:\/\/construcsoft.com\/blog\/wp-content\/uploads\/2015\/09\/Foto_Beto.jpg"},"sameAs":["http:\/\/CONSTRUCSOFT.COM"]}]}},"_links":{"self":[{"href":"https:\/\/construcsoft.com\/blog\/wp-json\/wp\/v2\/pages\/310","targetHints":{"allow":["GET"]}}],"collection":[{"href":"https:\/\/construcsoft.com\/blog\/wp-json\/wp\/v2\/pages"}],"about":[{"href":"https:\/\/construcsoft.com\/blog\/wp-json\/wp\/v2\/types\/page"}],"author":[{"embeddable":true,"href":"https:\/\/construcsoft.com\/blog\/wp-json\/wp\/v2\/users\/1"}],"replies":[{"embeddable":true,"href":"https:\/\/construcsoft.com\/blog\/wp-json\/wp\/v2\/comments?post=310"}],"version-history":[{"count":21,"href":"https:\/\/construcsoft.com\/blog\/wp-json\/wp\/v2\/pages\/310\/revisions"}],"predecessor-version":[{"id":804,"href":"https:\/\/construcsoft.com\/blog\/wp-json\/wp\/v2\/pages\/310\/revisions\/804"}],"wp:attachment":[{"href":"https:\/\/construcsoft.com\/blog\/wp-json\/wp\/v2\/media?parent=310"}],"curies":[{"name":"wp","href":"https:\/\/api.w.org\/{rel}","templated":true}]}}