{"id":38,"date":"2015-09-03T14:18:48","date_gmt":"2015-09-03T19:18:48","guid":{"rendered":"http:\/\/construcsoft.com\/demo2\/?page_id=38"},"modified":"2025-01-02T23:13:58","modified_gmt":"2025-01-03T04:13:58","slug":"productos","status":"publish","type":"page","link":"https:\/\/construcsoft.com\/blog\/productos\/","title":{"rendered":"Sistemas ConstrucSoft"},"content":{"rendered":"\n<h3 class=\"wp-block-heading\">&nbsp;<a href=\"http:\/\/presupuestoobrasciviles.blogspot.com\" target=\"_blank\" rel=\"noopener noreferrer\">Presupuesto de Obras con ConstrucSoft<\/a><\/h3>\n\n\n<div class=\"wp-block-image\">\n<figure class=\"alignleft\"><a href=\"http:\/\/presupuestoobrasciviles.blogspot.com\" target=\"_blank\" rel=\"noopener\"><img loading=\"lazy\" decoding=\"async\" width=\"300\" height=\"215\" src=\"https:\/\/construcsoft.com\/blog\/wp-content\/uploads\/2020\/08\/ConstrucSoft-Valor-Ganado-300x215.jpg\" alt=\"\" class=\"wp-image-649\" srcset=\"https:\/\/construcsoft.com\/blog\/wp-content\/uploads\/2020\/08\/ConstrucSoft-Valor-Ganado-300x215.jpg 300w, https:\/\/construcsoft.com\/blog\/wp-content\/uploads\/2020\/08\/ConstrucSoft-Valor-Ganado-768x551.jpg 768w, https:\/\/construcsoft.com\/blog\/wp-content\/uploads\/2020\/08\/ConstrucSoft-Valor-Ganado.jpg 778w\" sizes=\"auto, (max-width: 300px) 100vw, 300px\" \/><\/a><\/figure>\n<\/div>\n\n\n<p>Presupueste todo tipo de obras en base al sistema de An\u00e1lisis de Precios Unitarios.<\/p>\n\n\n\n<p><strong>ConstrucSoft-Programaci\u00f3n<\/strong>, permite presupuestar y programar obras.<\/p>\n\n\n\n<p><strong>ConstrucSoft-Faseo<\/strong>, permite presupuestar, programar, valorizar y fasear las obras.<\/p>\n\n\n\n<h1 class=\"wp-block-heading\"><span style=\"color: #800000;\"><a href=\"http:\/\/controldeobracurvas.blogspot.com\" target=\"_blank\" rel=\"noopener noreferrer\">Metodolog\u00eda del Valor Ganado en ConstrucSoft<\/a><\/span><\/h1>\n\n\n<div class=\"wp-block-image\">\n<figure class=\"alignleft\"><a href=\"http:\/\/controldeobracurvas.blogspot.com\" target=\"_blank\" rel=\"noopener\"><img loading=\"lazy\" decoding=\"async\" width=\"300\" height=\"225\" src=\"https:\/\/construcsoft.com\/blog\/wp-content\/uploads\/2015\/09\/Valor-Ganado-03-300x225.jpg\" alt=\"\" class=\"wp-image-194\" srcset=\"https:\/\/construcsoft.com\/blog\/wp-content\/uploads\/2015\/09\/Valor-Ganado-03-300x225.jpg 300w, https:\/\/construcsoft.com\/blog\/wp-content\/uploads\/2015\/09\/Valor-Ganado-03.jpg 640w\" sizes=\"auto, (max-width: 300px) 100vw, 300px\" \/><\/a><\/figure>\n<\/div>\n\n\n<p>Sistema integral para presupuestos, incluye Programaci\u00f3n, Valorizaci\u00f3n, Faseo y Control Econ\u00f3mico de Obras.<\/p>\n\n\n\n<p>Determine en todo momento si est\u00e1 en adelanto o en atraso, o si est\u00e1 ganando o perdiendo econ\u00f3micamente, mediante las Curva-S, en funci\u00f3n a los \u00edndices de rendimiento SPI, CPI y SCI.<\/p>\n\n\n\n<h1 class=\"wp-block-heading\"><span style=\"color: #800000;\"><a href=\"http:\/\/presupuestomecanico.blogspot.com\" target=\"_blank\" rel=\"noopener noreferrer\">Presupuesto de Obras Mec\u00e1nicas<\/a><\/span><\/h1>\n\n\n<div class=\"wp-block-image\">\n<figure class=\"alignleft\"><a href=\"http:\/\/presupuestomecanico.blogspot.com\" target=\"_blank\" rel=\"attachment noopener wp-att-136 noreferrer\"><img loading=\"lazy\" decoding=\"async\" width=\"300\" height=\"225\" src=\"https:\/\/construcsoft.com\/blog\/wp-content\/uploads\/2015\/09\/Mecano-300x225.jpg\" alt=\"Presupuestos Electromec\u00e1nicos\" class=\"wp-image-136\" title=\"Solo ConstrucSoft Mec\u00e1nico le permite presupuestar obras de gran envergadura en tiempo record\" srcset=\"https:\/\/construcsoft.com\/blog\/wp-content\/uploads\/2015\/09\/Mecano-300x225.jpg 300w, https:\/\/construcsoft.com\/blog\/wp-content\/uploads\/2015\/09\/Mecano.jpg 640w\" sizes=\"auto, (max-width: 300px) 100vw, 300px\" \/><\/a><\/figure>\n<\/div>\n\n\n<p>Esta es la \u00fanica forma de Presupuestar refiner\u00edas, plantas concentradoras, l\u00edneas de alta tensi\u00f3n y todo tipo de obra electromec\u00e1nica en tiempo record.<\/p>\n\n\n\n<p>Trabaje sus presupuestos en forma global, con la metodolog\u00eda inversa de <strong>ConstrucSoft Mec\u00e1nico<\/strong>, y obtenga como consecuencia final, los an\u00e1lisis de precios unitarios<\/p>\n\n\n\n<h1 class=\"wp-block-heading\"><a href=\"http:\/\/controldeobrarendiciones.blogspot.com\" target=\"_blank\" rel=\"noopener noreferrer\">Control de Obra por Centros de Costos<\/a><\/h1>\n\n\n<div class=\"wp-block-image\">\n<figure class=\"alignleft\"><a href=\"http:\/\/controldeobrarendiciones.blogspot.com\" target=\"_blank\" rel=\"attachment noopener wp-att-139 noreferrer\"><img loading=\"lazy\" decoding=\"async\" width=\"300\" height=\"225\" src=\"https:\/\/construcsoft.com\/blog\/wp-content\/uploads\/2015\/09\/Rendicion1-300x225.jpg\" alt=\"Rendicion\" class=\"wp-image-139\" title=\"CosntrucSoft Rendiciones, le permite controlar econ\u00f3micamente sus obras de una forma \u00e1gil, r\u00e1pida y sencilla\" srcset=\"https:\/\/construcsoft.com\/blog\/wp-content\/uploads\/2015\/09\/Rendicion1-300x225.jpg 300w, https:\/\/construcsoft.com\/blog\/wp-content\/uploads\/2015\/09\/Rendicion1.jpg 640w\" sizes=\"auto, (max-width: 300px) 100vw, 300px\" \/><\/a><\/figure>\n<\/div>\n\n\n<p>Controle econ\u00f3micamente sus obras, mediante rendiciones semanales o mensuales, en funci\u00f3n a centros de costos,&nbsp; controlando as\u00ed, el estado actual de lo gastado versus el presupuesto inicial.<\/p>\n\n\n\n<p>Controle constantemente la cantidad gastada de materiales, frente a los materiales presupuestados.<\/p>\n\n\n\n<h1 class=\"wp-block-heading\"><a href=\"http:\/\/presupuestodeobrasusuarios.blogspot.com\" target=\"_blank\" rel=\"noopener noreferrer\">Usuarios de ConstrucSoft<\/a><\/h1>\n\n\n<div class=\"wp-block-image\">\n<figure class=\"alignleft\"><a href=\"http:\/\/presupuestodeobrasusuarios.blogspot.com\" target=\"_blank\" rel=\"noopener noreferrer\"><img loading=\"lazy\" decoding=\"async\" width=\"252\" height=\"300\" src=\"https:\/\/construcsoft.com\/blog\/wp-content\/uploads\/2016\/10\/Usuarios-252x300.jpg\" alt=\"usuarios\" class=\"wp-image-367\" srcset=\"https:\/\/construcsoft.com\/blog\/wp-content\/uploads\/2016\/10\/Usuarios-252x300.jpg 252w, https:\/\/construcsoft.com\/blog\/wp-content\/uploads\/2016\/10\/Usuarios.jpg 318w\" sizes=\"auto, (max-width: 252px) 100vw, 252px\" \/><\/a><\/figure>\n<\/div>\n\n\n<p>Si usted es usuario del sistema ConstrucSoft, podr\u00e1 solicitar una versi\u00f3n superior, por la diferencia de precio de lista actuale.<\/p>\n\n\n\n<p>Si cambi\u00f3 de Raz\u00f3n Social, tambi\u00e9n podr\u00e1 acceder a una reinstalaci\u00f3n del sistema ConstrucSoft actualizado a la fecha.<\/p>\n","protected":false},"excerpt":{"rendered":"<p>&nbsp;Presupuesto de Obras con ConstrucSoft Presupueste todo tipo de obras en base al sistema de An\u00e1lisis de Precios Unitarios. ConstrucSoft-Programaci\u00f3n, permite presupuestar y programar obras. ConstrucSoft-Faseo, permite presupuestar, programar, valorizar y fasear las obras. Metodolog\u00eda del Valor Ganado en ConstrucSoft Sistema integral para presupuestos, incluye Programaci\u00f3n, Valorizaci\u00f3n, Faseo y Control Econ\u00f3mico de Obras. Determine en &hellip; <a href=\"https:\/\/construcsoft.com\/blog\/productos\/\" class=\"more-link\">Seguir leyendo <span class=\"screen-reader-text\">Sistemas ConstrucSoft<\/span> <span class=\"meta-nav\">&rarr;<\/span><\/a><\/p>\n","protected":false},"author":2,"featured_media":0,"parent":0,"menu_order":0,"comment_status":"closed","ping_status":"closed","template":"page-templates\/full-width.php","meta":{"footnotes":""},"class_list":["post-38","page","type-page","status-publish","hentry"],"yoast_head":"<!-- This site is optimized with the Yoast SEO plugin v27.5 - https:\/\/yoast.com\/product\/yoast-seo-wordpress\/ -->\n<title>Sistemas ConstrucSoft - Software para la Construcci\u00f3n \u2502An\u00e1lisis de Precios Unitarios \u2502Costos y Presupuestos \u2502Programaci\u00f3n \u2502Valorizaci\u00f3n \u2502Control de Obra por el Valor Ganado<\/title>\n<meta name=\"description\" content=\"Sistemas para presupuestos y control de obras\" \/>\n<meta name=\"robots\" content=\"index, follow, max-snippet:-1, max-image-preview:large, max-video-preview:-1\" \/>\n<link rel=\"canonical\" href=\"https:\/\/construcsoft.com\/blog\/productos\/\" \/>\n<meta property=\"og:locale\" content=\"es_ES\" \/>\n<meta property=\"og:type\" content=\"article\" \/>\n<meta property=\"og:title\" content=\"Sistemas ConstrucSoft - Software para la Construcci\u00f3n \u2502An\u00e1lisis de Precios Unitarios \u2502Costos y Presupuestos \u2502Programaci\u00f3n \u2502Valorizaci\u00f3n \u2502Control de Obra por el Valor Ganado\" \/>\n<meta property=\"og:description\" content=\"Sistemas para presupuestos y control de obras\" \/>\n<meta property=\"og:url\" content=\"https:\/\/construcsoft.com\/blog\/productos\/\" \/>\n<meta property=\"og:site_name\" content=\"Software para la Construcci\u00f3n \u2502An\u00e1lisis de Precios Unitarios \u2502Costos y Presupuestos \u2502Programaci\u00f3n \u2502Valorizaci\u00f3n \u2502Control de Obra por el Valor Ganado\" \/>\n<meta property=\"article:modified_time\" content=\"2025-01-03T04:13:58+00:00\" \/>\n<meta property=\"og:image\" content=\"https:\/\/construcsoft.com\/blog\/wp-content\/uploads\/2020\/08\/ConstrucSoft-Valor-Ganado.jpg\" \/>\n\t<meta property=\"og:image:width\" content=\"778\" \/>\n\t<meta property=\"og:image:height\" content=\"558\" \/>\n\t<meta property=\"og:image:type\" content=\"image\/jpeg\" \/>\n<meta name=\"twitter:card\" content=\"summary_large_image\" \/>\n<meta name=\"twitter:label1\" content=\"Tiempo de lectura\" \/>\n\t<meta name=\"twitter:data1\" content=\"3 minutos\" \/>\n<script type=\"application\/ld+json\" class=\"yoast-schema-graph\">{\"@context\":\"https:\\\/\\\/schema.org\",\"@graph\":[{\"@type\":\"WebPage\",\"@id\":\"https:\\\/\\\/construcsoft.com\\\/blog\\\/productos\\\/\",\"url\":\"https:\\\/\\\/construcsoft.com\\\/blog\\\/productos\\\/\",\"name\":\"Sistemas ConstrucSoft - Software para la Construcci\u00f3n \u2502An\u00e1lisis de Precios Unitarios \u2502Costos y Presupuestos \u2502Programaci\u00f3n \u2502Valorizaci\u00f3n \u2502Control de Obra por el Valor Ganado\",\"isPartOf\":{\"@id\":\"https:\\\/\\\/construcsoft.com\\\/blog\\\/#website\"},\"primaryImageOfPage\":{\"@id\":\"https:\\\/\\\/construcsoft.com\\\/blog\\\/productos\\\/#primaryimage\"},\"image\":{\"@id\":\"https:\\\/\\\/construcsoft.com\\\/blog\\\/productos\\\/#primaryimage\"},\"thumbnailUrl\":\"https:\\\/\\\/construcsoft.com\\\/blog\\\/wp-content\\\/uploads\\\/2020\\\/08\\\/ConstrucSoft-Valor-Ganado-300x215.jpg\",\"datePublished\":\"2015-09-03T19:18:48+00:00\",\"dateModified\":\"2025-01-03T04:13:58+00:00\",\"description\":\"Sistemas para presupuestos y control de obras\",\"breadcrumb\":{\"@id\":\"https:\\\/\\\/construcsoft.com\\\/blog\\\/productos\\\/#breadcrumb\"},\"inLanguage\":\"es\",\"potentialAction\":[{\"@type\":\"ReadAction\",\"target\":[\"https:\\\/\\\/construcsoft.com\\\/blog\\\/productos\\\/\"]}]},{\"@type\":\"ImageObject\",\"inLanguage\":\"es\",\"@id\":\"https:\\\/\\\/construcsoft.com\\\/blog\\\/productos\\\/#primaryimage\",\"url\":\"https:\\\/\\\/construcsoft.com\\\/blog\\\/wp-content\\\/uploads\\\/2020\\\/08\\\/ConstrucSoft-Valor-Ganado.jpg\",\"contentUrl\":\"https:\\\/\\\/construcsoft.com\\\/blog\\\/wp-content\\\/uploads\\\/2020\\\/08\\\/ConstrucSoft-Valor-Ganado.jpg\",\"width\":778,\"height\":558},{\"@type\":\"BreadcrumbList\",\"@id\":\"https:\\\/\\\/construcsoft.com\\\/blog\\\/productos\\\/#breadcrumb\",\"itemListElement\":[{\"@type\":\"ListItem\",\"position\":1,\"name\":\"Inicio\",\"item\":\"https:\\\/\\\/construcsoft.com\\\/blog\\\/\"},{\"@type\":\"ListItem\",\"position\":2,\"name\":\"Sistemas ConstrucSoft\"}]},{\"@type\":\"WebSite\",\"@id\":\"https:\\\/\\\/construcsoft.com\\\/blog\\\/#website\",\"url\":\"https:\\\/\\\/construcsoft.com\\\/blog\\\/\",\"name\":\"Software para la Construcci\u00f3n \u2502An\u00e1lisis de Precios Unitarios \u2502Costos y Presupuestos \u2502Programaci\u00f3n \u2502Valorizaci\u00f3n \u2502Control de Obra por el Valor Ganado\",\"description\":\"Software para Construcci\u00f3n - ConstrucSoft\",\"publisher\":{\"@id\":\"https:\\\/\\\/construcsoft.com\\\/blog\\\/#\\\/schema\\\/person\\\/f456897c1565f7ef1c628b8f708b39fb\"},\"potentialAction\":[{\"@type\":\"SearchAction\",\"target\":{\"@type\":\"EntryPoint\",\"urlTemplate\":\"https:\\\/\\\/construcsoft.com\\\/blog\\\/?s={search_term_string}\"},\"query-input\":{\"@type\":\"PropertyValueSpecification\",\"valueRequired\":true,\"valueName\":\"search_term_string\"}}],\"inLanguage\":\"es\"},{\"@type\":[\"Person\",\"Organization\"],\"@id\":\"https:\\\/\\\/construcsoft.com\\\/blog\\\/#\\\/schema\\\/person\\\/f456897c1565f7ef1c628b8f708b39fb\",\"name\":\"Gilberto Le\u00f3n Ruiz\",\"image\":{\"@type\":\"ImageObject\",\"inLanguage\":\"es\",\"@id\":\"https:\\\/\\\/construcsoft.com\\\/blog\\\/wp-content\\\/uploads\\\/2015\\\/09\\\/Foto_Beto.jpg\",\"url\":\"https:\\\/\\\/construcsoft.com\\\/blog\\\/wp-content\\\/uploads\\\/2015\\\/09\\\/Foto_Beto.jpg\",\"contentUrl\":\"https:\\\/\\\/construcsoft.com\\\/blog\\\/wp-content\\\/uploads\\\/2015\\\/09\\\/Foto_Beto.jpg\",\"width\":1600,\"height\":1200,\"caption\":\"Gilberto Le\u00f3n Ruiz\"},\"logo\":{\"@id\":\"https:\\\/\\\/construcsoft.com\\\/blog\\\/wp-content\\\/uploads\\\/2015\\\/09\\\/Foto_Beto.jpg\"},\"sameAs\":[\"http:\\\/\\\/CONSTRUCSOFT.COM\"]}]}<\/script>\n<!-- \/ Yoast SEO plugin. -->","yoast_head_json":{"title":"Sistemas ConstrucSoft - Software para la Construcci\u00f3n \u2502An\u00e1lisis de Precios Unitarios \u2502Costos y Presupuestos \u2502Programaci\u00f3n \u2502Valorizaci\u00f3n \u2502Control de Obra por el Valor Ganado","description":"Sistemas para presupuestos y control de obras","robots":{"index":"index","follow":"follow","max-snippet":"max-snippet:-1","max-image-preview":"max-image-preview:large","max-video-preview":"max-video-preview:-1"},"canonical":"https:\/\/construcsoft.com\/blog\/productos\/","og_locale":"es_ES","og_type":"article","og_title":"Sistemas ConstrucSoft - Software para la Construcci\u00f3n \u2502An\u00e1lisis de Precios Unitarios \u2502Costos y Presupuestos \u2502Programaci\u00f3n \u2502Valorizaci\u00f3n \u2502Control de Obra por el Valor Ganado","og_description":"Sistemas para presupuestos y control de obras","og_url":"https:\/\/construcsoft.com\/blog\/productos\/","og_site_name":"Software para la Construcci\u00f3n \u2502An\u00e1lisis de Precios Unitarios \u2502Costos y Presupuestos \u2502Programaci\u00f3n \u2502Valorizaci\u00f3n \u2502Control de Obra por el Valor Ganado","article_modified_time":"2025-01-03T04:13:58+00:00","og_image":[{"width":778,"height":558,"url":"https:\/\/construcsoft.com\/blog\/wp-content\/uploads\/2020\/08\/ConstrucSoft-Valor-Ganado.jpg","type":"image\/jpeg"}],"twitter_card":"summary_large_image","twitter_misc":{"Tiempo de lectura":"3 minutos"},"schema":{"@context":"https:\/\/schema.org","@graph":[{"@type":"WebPage","@id":"https:\/\/construcsoft.com\/blog\/productos\/","url":"https:\/\/construcsoft.com\/blog\/productos\/","name":"Sistemas ConstrucSoft - Software para la Construcci\u00f3n \u2502An\u00e1lisis de Precios Unitarios \u2502Costos y Presupuestos \u2502Programaci\u00f3n \u2502Valorizaci\u00f3n \u2502Control de Obra por el Valor Ganado","isPartOf":{"@id":"https:\/\/construcsoft.com\/blog\/#website"},"primaryImageOfPage":{"@id":"https:\/\/construcsoft.com\/blog\/productos\/#primaryimage"},"image":{"@id":"https:\/\/construcsoft.com\/blog\/productos\/#primaryimage"},"thumbnailUrl":"https:\/\/construcsoft.com\/blog\/wp-content\/uploads\/2020\/08\/ConstrucSoft-Valor-Ganado-300x215.jpg","datePublished":"2015-09-03T19:18:48+00:00","dateModified":"2025-01-03T04:13:58+00:00","description":"Sistemas para presupuestos y control de obras","breadcrumb":{"@id":"https:\/\/construcsoft.com\/blog\/productos\/#breadcrumb"},"inLanguage":"es","potentialAction":[{"@type":"ReadAction","target":["https:\/\/construcsoft.com\/blog\/productos\/"]}]},{"@type":"ImageObject","inLanguage":"es","@id":"https:\/\/construcsoft.com\/blog\/productos\/#primaryimage","url":"https:\/\/construcsoft.com\/blog\/wp-content\/uploads\/2020\/08\/ConstrucSoft-Valor-Ganado.jpg","contentUrl":"https:\/\/construcsoft.com\/blog\/wp-content\/uploads\/2020\/08\/ConstrucSoft-Valor-Ganado.jpg","width":778,"height":558},{"@type":"BreadcrumbList","@id":"https:\/\/construcsoft.com\/blog\/productos\/#breadcrumb","itemListElement":[{"@type":"ListItem","position":1,"name":"Inicio","item":"https:\/\/construcsoft.com\/blog\/"},{"@type":"ListItem","position":2,"name":"Sistemas ConstrucSoft"}]},{"@type":"WebSite","@id":"https:\/\/construcsoft.com\/blog\/#website","url":"https:\/\/construcsoft.com\/blog\/","name":"Software para la Construcci\u00f3n \u2502An\u00e1lisis de Precios Unitarios \u2502Costos y Presupuestos \u2502Programaci\u00f3n \u2502Valorizaci\u00f3n \u2502Control de Obra por el Valor Ganado","description":"Software para Construcci\u00f3n - ConstrucSoft","publisher":{"@id":"https:\/\/construcsoft.com\/blog\/#\/schema\/person\/f456897c1565f7ef1c628b8f708b39fb"},"potentialAction":[{"@type":"SearchAction","target":{"@type":"EntryPoint","urlTemplate":"https:\/\/construcsoft.com\/blog\/?s={search_term_string}"},"query-input":{"@type":"PropertyValueSpecification","valueRequired":true,"valueName":"search_term_string"}}],"inLanguage":"es"},{"@type":["Person","Organization"],"@id":"https:\/\/construcsoft.com\/blog\/#\/schema\/person\/f456897c1565f7ef1c628b8f708b39fb","name":"Gilberto Le\u00f3n Ruiz","image":{"@type":"ImageObject","inLanguage":"es","@id":"https:\/\/construcsoft.com\/blog\/wp-content\/uploads\/2015\/09\/Foto_Beto.jpg","url":"https:\/\/construcsoft.com\/blog\/wp-content\/uploads\/2015\/09\/Foto_Beto.jpg","contentUrl":"https:\/\/construcsoft.com\/blog\/wp-content\/uploads\/2015\/09\/Foto_Beto.jpg","width":1600,"height":1200,"caption":"Gilberto Le\u00f3n Ruiz"},"logo":{"@id":"https:\/\/construcsoft.com\/blog\/wp-content\/uploads\/2015\/09\/Foto_Beto.jpg"},"sameAs":["http:\/\/CONSTRUCSOFT.COM"]}]}},"_links":{"self":[{"href":"https:\/\/construcsoft.com\/blog\/wp-json\/wp\/v2\/pages\/38","targetHints":{"allow":["GET"]}}],"collection":[{"href":"https:\/\/construcsoft.com\/blog\/wp-json\/wp\/v2\/pages"}],"about":[{"href":"https:\/\/construcsoft.com\/blog\/wp-json\/wp\/v2\/types\/page"}],"author":[{"embeddable":true,"href":"https:\/\/construcsoft.com\/blog\/wp-json\/wp\/v2\/users\/2"}],"replies":[{"embeddable":true,"href":"https:\/\/construcsoft.com\/blog\/wp-json\/wp\/v2\/comments?post=38"}],"version-history":[{"count":19,"href":"https:\/\/construcsoft.com\/blog\/wp-json\/wp\/v2\/pages\/38\/revisions"}],"predecessor-version":[{"id":921,"href":"https:\/\/construcsoft.com\/blog\/wp-json\/wp\/v2\/pages\/38\/revisions\/921"}],"wp:attachment":[{"href":"https:\/\/construcsoft.com\/blog\/wp-json\/wp\/v2\/media?parent=38"}],"curies":[{"name":"wp","href":"https:\/\/api.w.org\/{rel}","templated":true}]}}