{"id":406,"date":"2020-01-04T00:03:56","date_gmt":"2020-01-04T05:03:56","guid":{"rendered":"http:\/\/construcsoft.com\/blog\/?page_id=406"},"modified":"2022-12-10T17:39:58","modified_gmt":"2022-12-10T22:39:58","slug":"avancesyrendimientos","status":"publish","type":"page","link":"https:\/\/construcsoft.com\/blog\/avancesyrendimientos\/","title":{"rendered":"TEMAS Y CONCEPTOS para Presupuestos"},"content":{"rendered":"\n<h1 class=\"wp-block-heading\" id=\"el-presupuesto\">&nbsp;<span style=\"color: #008000;\">&#8211;&nbsp;<a href=\"http:\/\/formadepresupuesto.blogspot.com\" target=\"_blank\" rel=\"noopener\">EL PRESUPUESTO<\/a><\/span><\/h1>\n\n\n\n<p>C\u00f3mo presupuestar obras civiles y obras electromec\u00e1nicas<\/p>\n\n\n\n<h1 class=\"wp-block-heading\" id=\"los-gastos-generales\"><span style=\"color: #008000;\">&#8211;&nbsp;<a href=\"http:\/\/losgastosgenerales.blogspot.com\" target=\"_blank\" rel=\"noreferrer noopener\">LOS GASTOS GENERALES<\/a><\/span><\/h1>\n\n\n\n<p>Gastos Generales Variables y Gastos Generales Fijos<\/p>\n\n\n\n<h1 class=\"wp-block-heading\" id=\"el-metrado\"><span style=\"color: #008000;\">&#8211;&nbsp;<a href=\"http:\/\/elmetrado.blogspot.com\" target=\"_blank\" rel=\"noopener\">EL METRADO<\/a><\/span><\/h1>\n\n\n\n<p>Conformaci\u00f3n del Metrado en Obras Civiles y Obras Electromec\u00e1nicas<\/p>\n\n\n\n<h1 class=\"wp-block-heading\" id=\"avances-y-rendimientos\"><span style=\"color: #008000;\"><b>&nbsp;<\/b><\/span><span style=\"color: #008000;\"><b>&#8211;&nbsp;<a style=\"color: #008000;\" href=\"http:\/\/avanceyrendimiento.blogspot.com\" target=\"_blank\" rel=\"noopener\">AVANCES Y RENDIMIENTOS<\/a>&nbsp; &nbsp;<\/b><\/span><\/h1>\n\n\n\n<p>Empleo correcto de los t\u00e9rminos Avances y Rendimientos para presupuestos y ejecuci\u00f3n de obra.<\/p>\n\n\n\n<h1 class=\"wp-block-heading\" id=\"como-razonar\"><span style=\"color: #339966;\">&#8211;&nbsp;<a href=\"http:\/\/comorazonar.blogspot.com\" target=\"_blank\" rel=\"noopener\">COMO RAZONAR<\/a><\/span><\/h1>\n\n\n\n<p>C\u00f3mo razonar en los An\u00e1lisis de Precios Unitarios<\/p>\n\n\n\n<h1 class=\"wp-block-heading\" id=\"analisis-y-sub-analisis\"><span style=\"color: #008000;\">&#8211;&nbsp;<a href=\"http:\/\/analisisysubanalisis.blogspot.com\" target=\"_blank\" rel=\"noopener\">AN\u00c1LISIS Y SUB-AN\u00c1LISIS<\/a><\/span><\/h1>\n\n\n\n<p>Concepto de los Sub-an\u00e1lisis<\/p>\n\n\n\n<h1 class=\"wp-block-heading\" id=\"como-hacer-analisis-de-precios-unitarios\"><span style=\"color: #008000;\"><a href=\"https:\/\/haceranalisis.blogspot.com\" target=\"_blank\" rel=\"noreferrer noopener\">&#8211;&nbsp;COMO HACER AN\u00c1LISIS DE PRECIOS UNITARIOS<\/a><\/span><\/h1>\n\n\n\n<p>C\u00f3mo encadenar An\u00e1lisis con Sub-An\u00e1lisis<\/p>\n\n\n\n<h1 class=\"wp-block-heading\" id=\"recursos-y-consolidado\"><span style=\"color: #008000;\">&#8211;&nbsp;<a href=\"http:\/\/recursosyconsolidado.blogspot.com\" target=\"_blank\" rel=\"noopener\">RECURSOS Y CONSOLIDADO<\/a><\/span><\/h1>\n\n\n\n<p>Recursos necesarios para la ejecuci\u00f3n de las obras<\/p>\n\n\n\n<h1 class=\"wp-block-heading\" id=\"la-programacion\"><span style=\"color: #008000;\">&#8211;&nbsp;<a href=\"http:\/\/laprogramaciondeobras.blogspot.com\" target=\"_blank\" rel=\"noopener\">LA PROGRAMACI\u00d3N<\/a><\/span><\/h1>\n\n\n\n<p>Beneficios obtenidos con una buena programaci\u00f3n<\/p>\n\n\n\n<h1 class=\"wp-block-heading\" id=\"la-formula-polinomica\"><span style=\"color: #008000;\">&#8211;&nbsp;<a href=\"http:\/\/laformulapolinomica.blogspot.com\" target=\"_blank\" rel=\"noopener\">LA F\u00d3RMULA POLIN\u00d3MICA<\/a><\/span><\/h1>\n\n\n\n<p>F\u00f3rmula Polin\u00f3mica de Reajuste de Precios para la Construcci\u00f3n<\/p>\n\n\n\n<h1 class=\"wp-block-heading\" id=\"las-valorizaciones\"><span style=\"color: #008000;\">&#8211;&nbsp;<a href=\"http:\/\/lasvalorizaciones.blogspot.com\" target=\"_blank\" rel=\"noopener\">LAS VALORIZACIONES<\/a><\/span><\/h1>\n\n\n\n<p>Cuantificaci\u00f3n del avance f\u00edsico de la obra<\/p>\n\n\n\n<h1 class=\"wp-block-heading\" id=\"el-faseo\"><span style=\"color: #008000;\">&#8211;&nbsp;<a href=\"http:\/\/elfaseo.blogspot.com\" target=\"_blank\" rel=\"noopener\">EL FASEO<\/a><\/span><\/h1>\n\n\n\n<p>Establece las fases para el control econ\u00f3mico de la obra<\/p>\n\n\n\n<h1 class=\"wp-block-heading\" id=\"el-tareo-diario\"><a href=\"http:\/\/controldeobratareo.blogspot.com\" target=\"_blank\" rel=\"noopener\"><span style=\"color: #008000;\"><strong>&#8211; EL TAREO DIARIO<\/strong><\/span><\/a><\/h1>\n\n\n\n<p>Control de horas-hombre y rendimientos<\/p>\n\n\n\n<h1 class=\"wp-block-heading\" id=\"el-valor-ganado\"><span style=\"color: #008000;\">&#8211;&nbsp;<a href=\"http:\/\/elvalorganado.blogspot.com\" target=\"_blank\" rel=\"noopener\">EL VALOR GANADO<\/a><\/span><\/h1>\n\n\n\n<p>Control y estimaci\u00f3n del costo de obra<\/p>\n\n\n\n<h1 class=\"wp-block-heading\" id=\"el-control-de-obra\"><span style=\"color: #008000;\">&#8211;&nbsp;<a href=\"http:\/\/elcontroldeobra.blogspot.com\" target=\"_blank\" rel=\"noopener\">EL CONTROL DE OBRA<\/a><\/span><\/h1>\n\n\n\n<p>Control Econ\u00f3mico de Obra<\/p>\n\n\n\n<h1 class=\"wp-block-heading\" id=\"el-margen-de-utilidad\"><span style=\"color: #008000;\">&#8211;&nbsp;<a href=\"http:\/\/margendeutilidad.blogspot.com\" target=\"_blank\" rel=\"noreferrer noopener\">EL MARGEN DE UTILIDAD<\/a><\/span><\/h1>\n\n\n\n<p>C\u00f3mo calcular el margen de utilidad<\/p>\n\n\n\n<h1 class=\"wp-block-heading\" id=\"el-margen-de-utilidad\"><span style=\"color: #008000;\">&#8211;&nbsp;<a href=\"https:\/\/proyecciondelcostofinal.blogspot.com\" target=\"_blank\" rel=\"noreferrer noopener\">PROYECCI\u00d3N DEL COSTO AL FINAL DE LA OBRA<\/a><\/span><\/h1>\n\n\n\n<p>C\u00f3mo proyectar o estimar el costo final de la obra<\/p>\n\n\n\n<h1 class=\"wp-block-heading\" id=\"el-margen-de-utilidad\"><span style=\"color: #008000;\">&#8211;&nbsp;<a href=\"https:\/\/mejorformulavalorganado.blogspot.com\" target=\"_blank\" rel=\"noreferrer noopener\">LA MEJOR F\u00d3RMULA PARA ESTIMAR EL COSTO AL FINAL DE LA OBRA<\/a><\/span><\/h1>\n\n\n\n<p>C\u00f3mo proyectar o estimar el costo final de la obra<\/p>\n\n\n\n<h1 class=\"wp-block-heading\" id=\"el-margen-de-utilidad\"><span style=\"color: #008000;\">&#8211;&nbsp;<a href=\"https:\/\/plateadecimentacion.blogspot.com\" target=\"_blank\" rel=\"noreferrer noopener\">PLATEA DE CIMENTACI\u00d3N<\/a><\/span><\/h1>\n\n\n\n<p>C\u00f3mo crear los an\u00e1lisis de precios unitarios de una platea de cimentaci\u00f3n<\/p>\n\n\n\n<h1 class=\"wp-block-heading\" id=\"el-margen-de-utilidad\"><a href=\"https:\/\/rendimientocargadorvolquete.blogspot.com\" target=\"_blank\" rel=\"noreferrer noopener\"><span style=\"color: #008000;\">&#8211;\u00a0RENDIMIE<\/span>N<span style=\"color: #008000;\">TOS DE VOLQUETES Y CARGADORES EN APUs<\/span><\/a><\/h1>\n\n\n\n<p>C\u00f3mo calcular los rendimientos en los an\u00e1lisis de precios unitarios<\/p>\n\n\n\n<h1 class=\"wp-block-heading\" id=\"el-margen-de-utilidad\"><span style=\"color: #008000;\"><a href=\"https:\/\/avanceproductividad.blogspot.com\" target=\"_blank\" rel=\"noreferrer noopener\">&#8211;\u00a0AVANCE, RENDIMIENTO, CONSUMO Y PRODUCTIVIDAD<\/a><\/span><\/h1>\n\n\n\n<p>Empleo de los t\u00e9rminos Avance, Rendimiento, Consumo y Productividad en los APUs<\/p>\n","protected":false},"excerpt":{"rendered":"<p>&nbsp;&#8211;&nbsp;EL PRESUPUESTO C\u00f3mo presupuestar obras civiles y obras electromec\u00e1nicas &#8211;&nbsp;LOS GASTOS GENERALES Gastos Generales Variables y Gastos Generales Fijos &#8211;&nbsp;EL METRADO Conformaci\u00f3n del Metrado en Obras Civiles y Obras Electromec\u00e1nicas &nbsp;&#8211;&nbsp;AVANCES Y RENDIMIENTOS&nbsp; &nbsp; Empleo correcto de los t\u00e9rminos Avances y Rendimientos para presupuestos y ejecuci\u00f3n de obra. &#8211;&nbsp;COMO RAZONAR C\u00f3mo razonar en los An\u00e1lisis &hellip; <a href=\"https:\/\/construcsoft.com\/blog\/avancesyrendimientos\/\" class=\"more-link\">Seguir leyendo <span class=\"screen-reader-text\">TEMAS Y CONCEPTOS para Presupuestos<\/span> <span class=\"meta-nav\">&rarr;<\/span><\/a><\/p>\n","protected":false},"author":1,"featured_media":0,"parent":0,"menu_order":0,"comment_status":"closed","ping_status":"closed","template":"","meta":{"footnotes":""},"class_list":["post-406","page","type-page","status-publish","hentry"],"yoast_head":"<!-- This site is optimized with the Yoast SEO plugin v27.3 - https:\/\/yoast.com\/product\/yoast-seo-wordpress\/ -->\n<title>TEMAS Y CONCEPTOS para Presupuestos - Software para la Construcci\u00f3n \u2502An\u00e1lisis de Precios Unitarios \u2502Costos y Presupuestos \u2502Programaci\u00f3n \u2502Valorizaci\u00f3n \u2502Control de Obra por el Valor Ganado<\/title>\n<meta name=\"description\" content=\"Conozca las partes fundamentales de los presupuestos\" \/>\n<meta name=\"robots\" content=\"index, follow, max-snippet:-1, max-image-preview:large, max-video-preview:-1\" \/>\n<link rel=\"canonical\" href=\"https:\/\/construcsoft.com\/blog\/avancesyrendimientos\/\" \/>\n<meta property=\"og:locale\" content=\"es_ES\" \/>\n<meta property=\"og:type\" content=\"article\" \/>\n<meta property=\"og:title\" content=\"TEMAS Y CONCEPTOS para Presupuestos - Software para la Construcci\u00f3n \u2502An\u00e1lisis de Precios Unitarios \u2502Costos y Presupuestos \u2502Programaci\u00f3n \u2502Valorizaci\u00f3n \u2502Control de Obra por el Valor Ganado\" \/>\n<meta property=\"og:description\" content=\"Conozca las partes fundamentales de los presupuestos\" \/>\n<meta property=\"og:url\" content=\"https:\/\/construcsoft.com\/blog\/avancesyrendimientos\/\" \/>\n<meta property=\"og:site_name\" content=\"Software para la Construcci\u00f3n \u2502An\u00e1lisis de Precios Unitarios \u2502Costos y Presupuestos \u2502Programaci\u00f3n \u2502Valorizaci\u00f3n \u2502Control de Obra por el Valor Ganado\" \/>\n<meta property=\"article:modified_time\" content=\"2022-12-10T22:39:58+00:00\" \/>\n<meta name=\"twitter:card\" content=\"summary_large_image\" \/>\n<meta name=\"twitter:label1\" content=\"Tiempo de lectura\" \/>\n\t<meta name=\"twitter:data1\" content=\"2 minutos\" \/>\n<script type=\"application\/ld+json\" class=\"yoast-schema-graph\">{\"@context\":\"https:\\\/\\\/schema.org\",\"@graph\":[{\"@type\":\"WebPage\",\"@id\":\"https:\\\/\\\/construcsoft.com\\\/blog\\\/avancesyrendimientos\\\/\",\"url\":\"https:\\\/\\\/construcsoft.com\\\/blog\\\/avancesyrendimientos\\\/\",\"name\":\"TEMAS Y CONCEPTOS para Presupuestos - Software para la Construcci\u00f3n \u2502An\u00e1lisis de Precios Unitarios \u2502Costos y Presupuestos \u2502Programaci\u00f3n \u2502Valorizaci\u00f3n \u2502Control de Obra por el Valor Ganado\",\"isPartOf\":{\"@id\":\"https:\\\/\\\/construcsoft.com\\\/blog\\\/#website\"},\"datePublished\":\"2020-01-04T05:03:56+00:00\",\"dateModified\":\"2022-12-10T22:39:58+00:00\",\"description\":\"Conozca las partes fundamentales de los presupuestos\",\"breadcrumb\":{\"@id\":\"https:\\\/\\\/construcsoft.com\\\/blog\\\/avancesyrendimientos\\\/#breadcrumb\"},\"inLanguage\":\"es\",\"potentialAction\":[{\"@type\":\"ReadAction\",\"target\":[\"https:\\\/\\\/construcsoft.com\\\/blog\\\/avancesyrendimientos\\\/\"]}]},{\"@type\":\"BreadcrumbList\",\"@id\":\"https:\\\/\\\/construcsoft.com\\\/blog\\\/avancesyrendimientos\\\/#breadcrumb\",\"itemListElement\":[{\"@type\":\"ListItem\",\"position\":1,\"name\":\"Inicio\",\"item\":\"https:\\\/\\\/construcsoft.com\\\/blog\\\/\"},{\"@type\":\"ListItem\",\"position\":2,\"name\":\"TEMAS Y CONCEPTOS para Presupuestos\"}]},{\"@type\":\"WebSite\",\"@id\":\"https:\\\/\\\/construcsoft.com\\\/blog\\\/#website\",\"url\":\"https:\\\/\\\/construcsoft.com\\\/blog\\\/\",\"name\":\"Software para la Construcci\u00f3n \u2502An\u00e1lisis de Precios Unitarios \u2502Costos y Presupuestos \u2502Programaci\u00f3n \u2502Valorizaci\u00f3n \u2502Control de Obra por el Valor Ganado\",\"description\":\"Software para Construcci\u00f3n - ConstrucSoft\",\"publisher\":{\"@id\":\"https:\\\/\\\/construcsoft.com\\\/blog\\\/#\\\/schema\\\/person\\\/f456897c1565f7ef1c628b8f708b39fb\"},\"potentialAction\":[{\"@type\":\"SearchAction\",\"target\":{\"@type\":\"EntryPoint\",\"urlTemplate\":\"https:\\\/\\\/construcsoft.com\\\/blog\\\/?s={search_term_string}\"},\"query-input\":{\"@type\":\"PropertyValueSpecification\",\"valueRequired\":true,\"valueName\":\"search_term_string\"}}],\"inLanguage\":\"es\"},{\"@type\":[\"Person\",\"Organization\"],\"@id\":\"https:\\\/\\\/construcsoft.com\\\/blog\\\/#\\\/schema\\\/person\\\/f456897c1565f7ef1c628b8f708b39fb\",\"name\":\"Gilberto Le\u00f3n Ruiz\",\"image\":{\"@type\":\"ImageObject\",\"inLanguage\":\"es\",\"@id\":\"https:\\\/\\\/construcsoft.com\\\/blog\\\/wp-content\\\/uploads\\\/2015\\\/09\\\/Foto_Beto.jpg\",\"url\":\"https:\\\/\\\/construcsoft.com\\\/blog\\\/wp-content\\\/uploads\\\/2015\\\/09\\\/Foto_Beto.jpg\",\"contentUrl\":\"https:\\\/\\\/construcsoft.com\\\/blog\\\/wp-content\\\/uploads\\\/2015\\\/09\\\/Foto_Beto.jpg\",\"width\":1600,\"height\":1200,\"caption\":\"Gilberto Le\u00f3n Ruiz\"},\"logo\":{\"@id\":\"https:\\\/\\\/construcsoft.com\\\/blog\\\/wp-content\\\/uploads\\\/2015\\\/09\\\/Foto_Beto.jpg\"},\"sameAs\":[\"http:\\\/\\\/CONSTRUCSOFT.COM\"]}]}<\/script>\n<!-- \/ Yoast SEO plugin. -->","yoast_head_json":{"title":"TEMAS Y CONCEPTOS para Presupuestos - Software para la Construcci\u00f3n \u2502An\u00e1lisis de Precios Unitarios \u2502Costos y Presupuestos \u2502Programaci\u00f3n \u2502Valorizaci\u00f3n \u2502Control de Obra por el Valor Ganado","description":"Conozca las partes fundamentales de los presupuestos","robots":{"index":"index","follow":"follow","max-snippet":"max-snippet:-1","max-image-preview":"max-image-preview:large","max-video-preview":"max-video-preview:-1"},"canonical":"https:\/\/construcsoft.com\/blog\/avancesyrendimientos\/","og_locale":"es_ES","og_type":"article","og_title":"TEMAS Y CONCEPTOS para Presupuestos - Software para la Construcci\u00f3n \u2502An\u00e1lisis de Precios Unitarios \u2502Costos y Presupuestos \u2502Programaci\u00f3n \u2502Valorizaci\u00f3n \u2502Control de Obra por el Valor Ganado","og_description":"Conozca las partes fundamentales de los presupuestos","og_url":"https:\/\/construcsoft.com\/blog\/avancesyrendimientos\/","og_site_name":"Software para la Construcci\u00f3n \u2502An\u00e1lisis de Precios Unitarios \u2502Costos y Presupuestos \u2502Programaci\u00f3n \u2502Valorizaci\u00f3n \u2502Control de Obra por el Valor Ganado","article_modified_time":"2022-12-10T22:39:58+00:00","twitter_card":"summary_large_image","twitter_misc":{"Tiempo de lectura":"2 minutos"},"schema":{"@context":"https:\/\/schema.org","@graph":[{"@type":"WebPage","@id":"https:\/\/construcsoft.com\/blog\/avancesyrendimientos\/","url":"https:\/\/construcsoft.com\/blog\/avancesyrendimientos\/","name":"TEMAS Y CONCEPTOS para Presupuestos - Software para la Construcci\u00f3n \u2502An\u00e1lisis de Precios Unitarios \u2502Costos y Presupuestos \u2502Programaci\u00f3n \u2502Valorizaci\u00f3n \u2502Control de Obra por el Valor Ganado","isPartOf":{"@id":"https:\/\/construcsoft.com\/blog\/#website"},"datePublished":"2020-01-04T05:03:56+00:00","dateModified":"2022-12-10T22:39:58+00:00","description":"Conozca las partes fundamentales de los presupuestos","breadcrumb":{"@id":"https:\/\/construcsoft.com\/blog\/avancesyrendimientos\/#breadcrumb"},"inLanguage":"es","potentialAction":[{"@type":"ReadAction","target":["https:\/\/construcsoft.com\/blog\/avancesyrendimientos\/"]}]},{"@type":"BreadcrumbList","@id":"https:\/\/construcsoft.com\/blog\/avancesyrendimientos\/#breadcrumb","itemListElement":[{"@type":"ListItem","position":1,"name":"Inicio","item":"https:\/\/construcsoft.com\/blog\/"},{"@type":"ListItem","position":2,"name":"TEMAS Y CONCEPTOS para Presupuestos"}]},{"@type":"WebSite","@id":"https:\/\/construcsoft.com\/blog\/#website","url":"https:\/\/construcsoft.com\/blog\/","name":"Software para la Construcci\u00f3n \u2502An\u00e1lisis de Precios Unitarios \u2502Costos y Presupuestos \u2502Programaci\u00f3n \u2502Valorizaci\u00f3n \u2502Control de Obra por el Valor Ganado","description":"Software para Construcci\u00f3n - ConstrucSoft","publisher":{"@id":"https:\/\/construcsoft.com\/blog\/#\/schema\/person\/f456897c1565f7ef1c628b8f708b39fb"},"potentialAction":[{"@type":"SearchAction","target":{"@type":"EntryPoint","urlTemplate":"https:\/\/construcsoft.com\/blog\/?s={search_term_string}"},"query-input":{"@type":"PropertyValueSpecification","valueRequired":true,"valueName":"search_term_string"}}],"inLanguage":"es"},{"@type":["Person","Organization"],"@id":"https:\/\/construcsoft.com\/blog\/#\/schema\/person\/f456897c1565f7ef1c628b8f708b39fb","name":"Gilberto Le\u00f3n Ruiz","image":{"@type":"ImageObject","inLanguage":"es","@id":"https:\/\/construcsoft.com\/blog\/wp-content\/uploads\/2015\/09\/Foto_Beto.jpg","url":"https:\/\/construcsoft.com\/blog\/wp-content\/uploads\/2015\/09\/Foto_Beto.jpg","contentUrl":"https:\/\/construcsoft.com\/blog\/wp-content\/uploads\/2015\/09\/Foto_Beto.jpg","width":1600,"height":1200,"caption":"Gilberto Le\u00f3n Ruiz"},"logo":{"@id":"https:\/\/construcsoft.com\/blog\/wp-content\/uploads\/2015\/09\/Foto_Beto.jpg"},"sameAs":["http:\/\/CONSTRUCSOFT.COM"]}]}},"_links":{"self":[{"href":"https:\/\/construcsoft.com\/blog\/wp-json\/wp\/v2\/pages\/406","targetHints":{"allow":["GET"]}}],"collection":[{"href":"https:\/\/construcsoft.com\/blog\/wp-json\/wp\/v2\/pages"}],"about":[{"href":"https:\/\/construcsoft.com\/blog\/wp-json\/wp\/v2\/types\/page"}],"author":[{"embeddable":true,"href":"https:\/\/construcsoft.com\/blog\/wp-json\/wp\/v2\/users\/1"}],"replies":[{"embeddable":true,"href":"https:\/\/construcsoft.com\/blog\/wp-json\/wp\/v2\/comments?post=406"}],"version-history":[{"count":53,"href":"https:\/\/construcsoft.com\/blog\/wp-json\/wp\/v2\/pages\/406\/revisions"}],"predecessor-version":[{"id":876,"href":"https:\/\/construcsoft.com\/blog\/wp-json\/wp\/v2\/pages\/406\/revisions\/876"}],"wp:attachment":[{"href":"https:\/\/construcsoft.com\/blog\/wp-json\/wp\/v2\/media?parent=406"}],"curies":[{"name":"wp","href":"https:\/\/api.w.org\/{rel}","templated":true}]}}