{"id":501,"date":"2020-04-22T18:22:23","date_gmt":"2020-04-22T23:22:23","guid":{"rendered":"http:\/\/construcsoft.com\/blog\/?page_id=501"},"modified":"2021-09-26T17:04:58","modified_gmt":"2021-09-26T22:04:58","slug":"testimonios","status":"publish","type":"page","link":"https:\/\/construcsoft.com\/blog\/testimonios\/","title":{"rendered":"testimonios"},"content":{"rendered":"\n<p class=\"has-text-align-left\">Someto este software a vuestro conocimiento y posible empleo, del cual puedo dar fe de su eficiencia como una alternativa mucho m\u00e1s simple y econ\u00f3mica frente a sistemas actuales de Control de Costos m\u00e1s sofisticados y costosos.<br data-rich-text-line-break=\"true\">Personalmente lo emple\u00e9 en alg\u00fan momento de mi carrera y en base a dicha experiencia es que recomiendo el mismo.<br data-rich-text-line-break=\"true\">Sus costos son bastante econ\u00f3micos frente a la utilidad que les puede dar para el costeo y control de costos en obras de peque\u00f1a o mediana envergadura e incluso en obras de mayor envergadura en donde se quiera contar con una herramienta simple y eficiente para controlar costos sin mucho detalle.<br data-rich-text-line-break=\"true\">Aclaro que la \u00fanica motivaci\u00f3n que me mueve al enviarles este correo, es la profunda amistad que tengo a su creador y con quien comparto su visi\u00f3n de de promover masivamente un software para presupuestar y controlar costos en Obras de Construcci\u00f3n, que no sea tan pesado ni costoso como los que actualmente se encuentran en el mercado.<br data-rich-text-line-break=\"true\"><br data-rich-text-line-break=\"true\"><span class=\"has-inline-color has-green-color\" style=\"color: #008000;\"><strong>Ing. Abel E. Hidalgo S.<\/strong><br data-rich-text-line-break=\"true\"><strong>Consultor en Ingenier\u00eda<\/strong><\/span><\/p>\n\n\n\n<p>En nuestro d\u00eda a d\u00eda tenemos necesidad de contar con herramientas de software, de gesti\u00f3n de proyectos en nuestra rama, que es la de dise\u00f1o y construcci\u00f3n de obras civiles en general.<br>Por ello contamos con un programa muy completo que es Construcsoft (Cuatro licencias), programa creado por el Ing. Gilberto Le\u00f3n.<br>Dicho programa nos permite una versatilidad en el control de proyectos en la cuantificaci\u00f3n de la mano de obra, los materiales y equipos requeridos para la ejecuci\u00f3n de un proyecto.<br>Es muy \u00fatil cuando se negocian los subcontratos porque permite determinar a priori la cantidad de HH, HM y materiales que est\u00e1n involucrados y as\u00ed evitar un sobrecosto en la negociaci\u00f3n respectiva.<br>Adem\u00e1s su manejo intuitivo y sencillo nos permite cambios en cuanto a rendimientos espec\u00edficos de nuestra propia experiencia. Por lo que es posible incorporarlos a los rendimientos maestros incluidos en el programa.<br>As\u00ed tambi\u00e9n permite importar un metrado en formato Excel al sistema Construcsoft, luego de hacer los an\u00e1lisis respectivos y establecer los plazos con las HH y HM obtenidas, para proceder a una exportaci\u00f3n a MS Project, facilitando un completo panorama del proyecto.<br>Todo ello, sumado a un bajo costo de adquisici\u00f3n, hace su tenencia imprescindible en toda empresa dedicada al dise\u00f1o, construcci\u00f3n o gesti\u00f3n&nbsp; de proyectos.<br>Por ello damos nuestro testimonio de aprobaci\u00f3n a tan buen programa de software.<\/p>\n\n\n\n<p><strong><span style=\"color: #008000;\">Ing. Carlos Rojas C.<\/span><\/strong><br><strong><span style=\"color: #008000;\">Gerente General<\/span><\/strong><\/p>\n\n\n\n<div class=\"wp-block-image\"><figure class=\"aligncenter\"><img loading=\"lazy\" decoding=\"async\" width=\"553\" height=\"369\" src=\"https:\/\/construcsoft.com\/blog\/wp-content\/uploads\/2020\/07\/De-Jos\u00e9-Hurtado.jpg\" alt=\"\" class=\"wp-image-630\" srcset=\"https:\/\/construcsoft.com\/blog\/wp-content\/uploads\/2020\/07\/De-Jos\u00e9-Hurtado.jpg 553w, https:\/\/construcsoft.com\/blog\/wp-content\/uploads\/2020\/07\/De-Jos\u00e9-Hurtado-300x200.jpg 300w\" sizes=\"auto, (max-width: 553px) 100vw, 553px\" \/><\/figure><\/div>\n\n\n\n<div class=\"wp-block-image\"><figure class=\"aligncenter size-large\"><img loading=\"lazy\" decoding=\"async\" width=\"511\" height=\"248\" src=\"https:\/\/construcsoft.com\/blog\/wp-content\/uploads\/2020\/08\/Raull-Dorregaray.jpg\" alt=\"\" class=\"wp-image-655\" srcset=\"https:\/\/construcsoft.com\/blog\/wp-content\/uploads\/2020\/08\/Raull-Dorregaray.jpg 511w, https:\/\/construcsoft.com\/blog\/wp-content\/uploads\/2020\/08\/Raull-Dorregaray-300x146.jpg 300w\" sizes=\"auto, (max-width: 511px) 100vw, 511px\" \/><\/figure><\/div>\n\n\n\n<figure class=\"wp-block-image size-large\"><img decoding=\"async\" src=\"https:\/\/construcsoft.com\/blog\/wp-content\/uploads\/2020\/10\/EdgardTrillo.jpg\" alt=\"\" class=\"wp-image-678\"\/><\/figure>\n\n\n<h1><span style=\"color: #008000;\"><strong>INGENIER\u00cdA ZENTA &#8211; ARGENTINA<\/strong><\/span><\/h1>\n<h2><strong><span style=\"color: #008000;\">Francisco Garc\u00eda Gambeta<\/span><\/strong><\/h2>\n<p>Estimado Ingeniero:<\/p>\n<ul>\n<li>Excelente el programa, no pod\u00eda dejar de comentarle lo satisfecho que estoy con la adquisici\u00f3n de ConstrucSoft.<\/li>\n<li>Mis felicitaciones por la calidad del producto.<\/li>\n<li>Lo pude utilizar de inmediato en cuanto qued\u00f3 instalado, en un par de horas ya estaba presupuestando con ConstrucSoft.<\/li>\n<li>Est\u00e1 muy bien estructurado, es evidente que ha capitalizado su experiencia personal como Ingeniero y ha simplificado el proceso.<\/li>\n<li>No se me ocurre nada para sugerirle, dado que est\u00e1 todo muy bien pensado.<\/li>\n<li>Me sigo sorprendiendo con todas las herramientas disponibles para acortar camino, carga de datos para an\u00e1lisis de precios, tratamiento de los mismos, relaci\u00f3n entre diferentes presupuestos, etc.<\/li>\n<li>Se puede listar toda la informaci\u00f3n incorporada, en forma parcial y total para chequear el presupuesto, para entregar al Comitente y para controlar cuando el presupuesto se convierte en una Obra a ejecutar.<\/li>\n<li>Agradezco la amabilidad de responder en el acto mis inquietudes aun cuando fueron producto de no haber le\u00eddo previamente los manuales y videos que son muy claros y est\u00e1 todo debidamente explicado en ellos.<\/li>\n<li>Por \u00faltimo, agradezco tambi\u00e9n lo accesible del precio, dado que el mismo, no se corresponde con la calidad de ConstrucSoft.<\/li>\n<li>\u00a0<\/li>\n<\/ul>\n<p>29 de Agosto de 2021<\/p>\n<p>\u00a0<\/p>\n\n\n<p><\/p>\n","protected":false},"excerpt":{"rendered":"<p>Someto este software a vuestro conocimiento y posible empleo, del cual puedo dar fe de su eficiencia como una alternativa mucho m\u00e1s simple y econ\u00f3mica frente a sistemas actuales de Control de Costos m\u00e1s sofisticados y costosos.Personalmente lo emple\u00e9 en alg\u00fan momento de mi carrera y en base a dicha experiencia es que recomiendo el &hellip; <a href=\"https:\/\/construcsoft.com\/blog\/testimonios\/\" class=\"more-link\">Seguir leyendo <span class=\"screen-reader-text\">testimonios<\/span> <span class=\"meta-nav\">&rarr;<\/span><\/a><\/p>\n","protected":false},"author":1,"featured_media":0,"parent":0,"menu_order":0,"comment_status":"closed","ping_status":"closed","template":"page-templates\/full-width.php","meta":{"footnotes":""},"class_list":["post-501","page","type-page","status-publish","hentry"],"yoast_head":"<!-- This site is optimized with the Yoast SEO plugin v27.3 - https:\/\/yoast.com\/product\/yoast-seo-wordpress\/ -->\n<title>testimonios - Software para la Construcci\u00f3n \u2502An\u00e1lisis de Precios Unitarios \u2502Costos y Presupuestos \u2502Programaci\u00f3n \u2502Valorizaci\u00f3n \u2502Control de Obra por el Valor Ganado<\/title>\n<meta name=\"description\" content=\"Apreciaciones de algunos de nuestros usuarios\" \/>\n<meta name=\"robots\" content=\"index, follow, max-snippet:-1, max-image-preview:large, max-video-preview:-1\" \/>\n<link rel=\"canonical\" href=\"https:\/\/construcsoft.com\/blog\/testimonios\/\" \/>\n<meta property=\"og:locale\" content=\"es_ES\" \/>\n<meta property=\"og:type\" content=\"article\" \/>\n<meta property=\"og:title\" content=\"testimonios - Software para la Construcci\u00f3n \u2502An\u00e1lisis de Precios Unitarios \u2502Costos y Presupuestos \u2502Programaci\u00f3n \u2502Valorizaci\u00f3n \u2502Control de Obra por el Valor Ganado\" \/>\n<meta property=\"og:description\" content=\"Apreciaciones de algunos de nuestros usuarios\" \/>\n<meta property=\"og:url\" content=\"https:\/\/construcsoft.com\/blog\/testimonios\/\" \/>\n<meta property=\"og:site_name\" content=\"Software para la Construcci\u00f3n \u2502An\u00e1lisis de Precios Unitarios \u2502Costos y Presupuestos \u2502Programaci\u00f3n \u2502Valorizaci\u00f3n \u2502Control de Obra por el Valor Ganado\" \/>\n<meta property=\"article:modified_time\" content=\"2021-09-26T22:04:58+00:00\" \/>\n<meta property=\"og:image\" content=\"https:\/\/construcsoft.com\/blog\/wp-content\/uploads\/2020\/07\/De-Jos\u00e9-Hurtado.jpg\" \/>\n<meta name=\"twitter:card\" content=\"summary_large_image\" \/>\n<meta name=\"twitter:label1\" content=\"Tiempo de lectura\" \/>\n\t<meta name=\"twitter:data1\" content=\"4 minutos\" \/>\n<script type=\"application\/ld+json\" class=\"yoast-schema-graph\">{\"@context\":\"https:\\\/\\\/schema.org\",\"@graph\":[{\"@type\":\"WebPage\",\"@id\":\"https:\\\/\\\/construcsoft.com\\\/blog\\\/testimonios\\\/\",\"url\":\"https:\\\/\\\/construcsoft.com\\\/blog\\\/testimonios\\\/\",\"name\":\"testimonios - Software para la Construcci\u00f3n \u2502An\u00e1lisis de Precios Unitarios \u2502Costos y Presupuestos \u2502Programaci\u00f3n \u2502Valorizaci\u00f3n \u2502Control de Obra por el Valor Ganado\",\"isPartOf\":{\"@id\":\"https:\\\/\\\/construcsoft.com\\\/blog\\\/#website\"},\"primaryImageOfPage\":{\"@id\":\"https:\\\/\\\/construcsoft.com\\\/blog\\\/testimonios\\\/#primaryimage\"},\"image\":{\"@id\":\"https:\\\/\\\/construcsoft.com\\\/blog\\\/testimonios\\\/#primaryimage\"},\"thumbnailUrl\":\"https:\\\/\\\/construcsoft.com\\\/blog\\\/wp-content\\\/uploads\\\/2020\\\/08\\\/Raull-Dorregaray.jpg\",\"datePublished\":\"2020-04-22T23:22:23+00:00\",\"dateModified\":\"2021-09-26T22:04:58+00:00\",\"description\":\"Apreciaciones de algunos de nuestros usuarios\",\"breadcrumb\":{\"@id\":\"https:\\\/\\\/construcsoft.com\\\/blog\\\/testimonios\\\/#breadcrumb\"},\"inLanguage\":\"es\",\"potentialAction\":[{\"@type\":\"ReadAction\",\"target\":[\"https:\\\/\\\/construcsoft.com\\\/blog\\\/testimonios\\\/\"]}]},{\"@type\":\"ImageObject\",\"inLanguage\":\"es\",\"@id\":\"https:\\\/\\\/construcsoft.com\\\/blog\\\/testimonios\\\/#primaryimage\",\"url\":\"https:\\\/\\\/construcsoft.com\\\/blog\\\/wp-content\\\/uploads\\\/2020\\\/08\\\/Raull-Dorregaray.jpg\",\"contentUrl\":\"https:\\\/\\\/construcsoft.com\\\/blog\\\/wp-content\\\/uploads\\\/2020\\\/08\\\/Raull-Dorregaray.jpg\",\"width\":511,\"height\":248},{\"@type\":\"BreadcrumbList\",\"@id\":\"https:\\\/\\\/construcsoft.com\\\/blog\\\/testimonios\\\/#breadcrumb\",\"itemListElement\":[{\"@type\":\"ListItem\",\"position\":1,\"name\":\"Inicio\",\"item\":\"https:\\\/\\\/construcsoft.com\\\/blog\\\/\"},{\"@type\":\"ListItem\",\"position\":2,\"name\":\"testimonios\"}]},{\"@type\":\"WebSite\",\"@id\":\"https:\\\/\\\/construcsoft.com\\\/blog\\\/#website\",\"url\":\"https:\\\/\\\/construcsoft.com\\\/blog\\\/\",\"name\":\"Software para la Construcci\u00f3n \u2502An\u00e1lisis de Precios Unitarios \u2502Costos y Presupuestos \u2502Programaci\u00f3n \u2502Valorizaci\u00f3n \u2502Control de Obra por el Valor Ganado\",\"description\":\"Software para Construcci\u00f3n - ConstrucSoft\",\"publisher\":{\"@id\":\"https:\\\/\\\/construcsoft.com\\\/blog\\\/#\\\/schema\\\/person\\\/f456897c1565f7ef1c628b8f708b39fb\"},\"potentialAction\":[{\"@type\":\"SearchAction\",\"target\":{\"@type\":\"EntryPoint\",\"urlTemplate\":\"https:\\\/\\\/construcsoft.com\\\/blog\\\/?s={search_term_string}\"},\"query-input\":{\"@type\":\"PropertyValueSpecification\",\"valueRequired\":true,\"valueName\":\"search_term_string\"}}],\"inLanguage\":\"es\"},{\"@type\":[\"Person\",\"Organization\"],\"@id\":\"https:\\\/\\\/construcsoft.com\\\/blog\\\/#\\\/schema\\\/person\\\/f456897c1565f7ef1c628b8f708b39fb\",\"name\":\"Gilberto Le\u00f3n Ruiz\",\"image\":{\"@type\":\"ImageObject\",\"inLanguage\":\"es\",\"@id\":\"https:\\\/\\\/construcsoft.com\\\/blog\\\/wp-content\\\/uploads\\\/2015\\\/09\\\/Foto_Beto.jpg\",\"url\":\"https:\\\/\\\/construcsoft.com\\\/blog\\\/wp-content\\\/uploads\\\/2015\\\/09\\\/Foto_Beto.jpg\",\"contentUrl\":\"https:\\\/\\\/construcsoft.com\\\/blog\\\/wp-content\\\/uploads\\\/2015\\\/09\\\/Foto_Beto.jpg\",\"width\":1600,\"height\":1200,\"caption\":\"Gilberto Le\u00f3n Ruiz\"},\"logo\":{\"@id\":\"https:\\\/\\\/construcsoft.com\\\/blog\\\/wp-content\\\/uploads\\\/2015\\\/09\\\/Foto_Beto.jpg\"},\"sameAs\":[\"http:\\\/\\\/CONSTRUCSOFT.COM\"]}]}<\/script>\n<!-- \/ Yoast SEO plugin. -->","yoast_head_json":{"title":"testimonios - Software para la Construcci\u00f3n \u2502An\u00e1lisis de Precios Unitarios \u2502Costos y Presupuestos \u2502Programaci\u00f3n \u2502Valorizaci\u00f3n \u2502Control de Obra por el Valor Ganado","description":"Apreciaciones de algunos de nuestros usuarios","robots":{"index":"index","follow":"follow","max-snippet":"max-snippet:-1","max-image-preview":"max-image-preview:large","max-video-preview":"max-video-preview:-1"},"canonical":"https:\/\/construcsoft.com\/blog\/testimonios\/","og_locale":"es_ES","og_type":"article","og_title":"testimonios - Software para la Construcci\u00f3n \u2502An\u00e1lisis de Precios Unitarios \u2502Costos y Presupuestos \u2502Programaci\u00f3n \u2502Valorizaci\u00f3n \u2502Control de Obra por el Valor Ganado","og_description":"Apreciaciones de algunos de nuestros usuarios","og_url":"https:\/\/construcsoft.com\/blog\/testimonios\/","og_site_name":"Software para la Construcci\u00f3n \u2502An\u00e1lisis de Precios Unitarios \u2502Costos y Presupuestos \u2502Programaci\u00f3n \u2502Valorizaci\u00f3n \u2502Control de Obra por el Valor Ganado","article_modified_time":"2021-09-26T22:04:58+00:00","og_image":[{"url":"https:\/\/construcsoft.com\/blog\/wp-content\/uploads\/2020\/07\/De-Jos\u00e9-Hurtado.jpg","type":"","width":"","height":""}],"twitter_card":"summary_large_image","twitter_misc":{"Tiempo de lectura":"4 minutos"},"schema":{"@context":"https:\/\/schema.org","@graph":[{"@type":"WebPage","@id":"https:\/\/construcsoft.com\/blog\/testimonios\/","url":"https:\/\/construcsoft.com\/blog\/testimonios\/","name":"testimonios - Software para la Construcci\u00f3n \u2502An\u00e1lisis de Precios Unitarios \u2502Costos y Presupuestos \u2502Programaci\u00f3n \u2502Valorizaci\u00f3n \u2502Control de Obra por el Valor Ganado","isPartOf":{"@id":"https:\/\/construcsoft.com\/blog\/#website"},"primaryImageOfPage":{"@id":"https:\/\/construcsoft.com\/blog\/testimonios\/#primaryimage"},"image":{"@id":"https:\/\/construcsoft.com\/blog\/testimonios\/#primaryimage"},"thumbnailUrl":"https:\/\/construcsoft.com\/blog\/wp-content\/uploads\/2020\/08\/Raull-Dorregaray.jpg","datePublished":"2020-04-22T23:22:23+00:00","dateModified":"2021-09-26T22:04:58+00:00","description":"Apreciaciones de algunos de nuestros usuarios","breadcrumb":{"@id":"https:\/\/construcsoft.com\/blog\/testimonios\/#breadcrumb"},"inLanguage":"es","potentialAction":[{"@type":"ReadAction","target":["https:\/\/construcsoft.com\/blog\/testimonios\/"]}]},{"@type":"ImageObject","inLanguage":"es","@id":"https:\/\/construcsoft.com\/blog\/testimonios\/#primaryimage","url":"https:\/\/construcsoft.com\/blog\/wp-content\/uploads\/2020\/08\/Raull-Dorregaray.jpg","contentUrl":"https:\/\/construcsoft.com\/blog\/wp-content\/uploads\/2020\/08\/Raull-Dorregaray.jpg","width":511,"height":248},{"@type":"BreadcrumbList","@id":"https:\/\/construcsoft.com\/blog\/testimonios\/#breadcrumb","itemListElement":[{"@type":"ListItem","position":1,"name":"Inicio","item":"https:\/\/construcsoft.com\/blog\/"},{"@type":"ListItem","position":2,"name":"testimonios"}]},{"@type":"WebSite","@id":"https:\/\/construcsoft.com\/blog\/#website","url":"https:\/\/construcsoft.com\/blog\/","name":"Software para la Construcci\u00f3n \u2502An\u00e1lisis de Precios Unitarios \u2502Costos y Presupuestos \u2502Programaci\u00f3n \u2502Valorizaci\u00f3n \u2502Control de Obra por el Valor Ganado","description":"Software para Construcci\u00f3n - ConstrucSoft","publisher":{"@id":"https:\/\/construcsoft.com\/blog\/#\/schema\/person\/f456897c1565f7ef1c628b8f708b39fb"},"potentialAction":[{"@type":"SearchAction","target":{"@type":"EntryPoint","urlTemplate":"https:\/\/construcsoft.com\/blog\/?s={search_term_string}"},"query-input":{"@type":"PropertyValueSpecification","valueRequired":true,"valueName":"search_term_string"}}],"inLanguage":"es"},{"@type":["Person","Organization"],"@id":"https:\/\/construcsoft.com\/blog\/#\/schema\/person\/f456897c1565f7ef1c628b8f708b39fb","name":"Gilberto Le\u00f3n Ruiz","image":{"@type":"ImageObject","inLanguage":"es","@id":"https:\/\/construcsoft.com\/blog\/wp-content\/uploads\/2015\/09\/Foto_Beto.jpg","url":"https:\/\/construcsoft.com\/blog\/wp-content\/uploads\/2015\/09\/Foto_Beto.jpg","contentUrl":"https:\/\/construcsoft.com\/blog\/wp-content\/uploads\/2015\/09\/Foto_Beto.jpg","width":1600,"height":1200,"caption":"Gilberto Le\u00f3n Ruiz"},"logo":{"@id":"https:\/\/construcsoft.com\/blog\/wp-content\/uploads\/2015\/09\/Foto_Beto.jpg"},"sameAs":["http:\/\/CONSTRUCSOFT.COM"]}]}},"_links":{"self":[{"href":"https:\/\/construcsoft.com\/blog\/wp-json\/wp\/v2\/pages\/501","targetHints":{"allow":["GET"]}}],"collection":[{"href":"https:\/\/construcsoft.com\/blog\/wp-json\/wp\/v2\/pages"}],"about":[{"href":"https:\/\/construcsoft.com\/blog\/wp-json\/wp\/v2\/types\/page"}],"author":[{"embeddable":true,"href":"https:\/\/construcsoft.com\/blog\/wp-json\/wp\/v2\/users\/1"}],"replies":[{"embeddable":true,"href":"https:\/\/construcsoft.com\/blog\/wp-json\/wp\/v2\/comments?post=501"}],"version-history":[{"count":16,"href":"https:\/\/construcsoft.com\/blog\/wp-json\/wp\/v2\/pages\/501\/revisions"}],"predecessor-version":[{"id":823,"href":"https:\/\/construcsoft.com\/blog\/wp-json\/wp\/v2\/pages\/501\/revisions\/823"}],"wp:attachment":[{"href":"https:\/\/construcsoft.com\/blog\/wp-json\/wp\/v2\/media?parent=501"}],"curies":[{"name":"wp","href":"https:\/\/api.w.org\/{rel}","templated":true}]}}