{"id":558,"date":"2020-05-05T20:05:21","date_gmt":"2020-05-06T01:05:21","guid":{"rendered":"https:\/\/construcsoft.com\/blog\/?page_id=558"},"modified":"2021-03-29T14:23:32","modified_gmt":"2021-03-29T19:23:32","slug":"proyecto-casas-de-playa","status":"publish","type":"page","link":"https:\/\/construcsoft.com\/blog\/proyecto-casas-de-playa\/","title":{"rendered":"PONGA SU CASA EN NUESTRAS MANOS Y LA DISE\u00d1AREMOS A SU MEDIDA"},"content":{"rendered":"\n<h1 class=\"wp-block-heading\"><a href=\"http:\/\/casasdeplayaalcances.blogspot.com\" target=\"_blank\" rel=\"noreferrer noopener\">ALCANCES DEL PROYECTO<\/a><\/h1>\n\n\n\n<div class=\"wp-block-image\"><figure class=\"alignleft\"><a href=\"http:\/\/casasdeplayaalcances.blogspot.com\" target=\"_blank\" rel=\"noopener noreferrer\"><img loading=\"lazy\" decoding=\"async\" width=\"300\" height=\"217\" src=\"https:\/\/construcsoft.com\/blog\/wp-content\/uploads\/2020\/05\/Foto-Alcances-300x217.jpg\" alt=\"\" class=\"wp-image-561\" title=\"ALCANCES GENERALES DEL PROYECTO\" srcset=\"https:\/\/construcsoft.com\/blog\/wp-content\/uploads\/2020\/05\/Foto-Alcances-300x217.jpg 300w, https:\/\/construcsoft.com\/blog\/wp-content\/uploads\/2020\/05\/Foto-Alcances-768x556.jpg 768w, https:\/\/construcsoft.com\/blog\/wp-content\/uploads\/2020\/05\/Foto-Alcances.jpg 804w\" sizes=\"auto, (max-width: 300px) 100vw, 300px\" \/><\/a><\/figure><\/div>\n\n\n\n<p><span style=\"color: #800000;\">Desarrollamos el expediente completo, planos, memorias descriptivas, presupuesto detallado, para obtener la respectiva licencia de construcci\u00f3n.<\/span><\/p>\n\n\n\n<h1 class=\"wp-block-heading\"><a href=\"https:\/\/casasdeplayalevantamiento.blogspot.com\" target=\"_blank\" rel=\"noreferrer noopener\">LEVANTAMIENTO TOPOGR\u00c1FICO<\/a><\/h1>\n\n\n\n<div class=\"wp-block-image\"><figure class=\"alignleft\"><a href=\"https:\/\/casasdeplayalevantamiento.blogspot.com\" target=\"_blank\" rel=\"noopener noreferrer\"><img loading=\"lazy\" decoding=\"async\" width=\"300\" height=\"255\" src=\"https:\/\/construcsoft.com\/blog\/wp-content\/uploads\/2020\/05\/2-Lev-Topogr-1-300x255.jpg\" alt=\"\" class=\"wp-image-564\" title=\"ALCANCES DEL LEVANTAMIENTO TOPOGR\u00c1FICO\" srcset=\"https:\/\/construcsoft.com\/blog\/wp-content\/uploads\/2020\/05\/2-Lev-Topogr-1-300x255.jpg 300w, https:\/\/construcsoft.com\/blog\/wp-content\/uploads\/2020\/05\/2-Lev-Topogr-1.jpg 623w\" sizes=\"auto, (max-width: 300px) 100vw, 300px\" \/><\/a><\/figure><\/div>\n\n\n\n<p><span style=\"color: #800000;\"><\/span><\/p>\n\n\n\n<p><span style=\"color: #800000;\">Efectuamos el estudio de la superficie del terreno para establecer el nivel definitivo del terreno.<\/span><\/p>\n\n\n\n<h1 class=\"wp-block-heading\"><a href=\"http:\/\/casasdeplayaarquitectura.blogspot.com\" target=\"_blank\" rel=\"noreferrer noopener\">ARQUITECTURA<\/a><\/h1>\n\n\n\n<div class=\"wp-block-image\"><figure class=\"alignleft\"><a href=\"http:\/\/casasdeplayaarquitectura.blogspot.com\" target=\"_blank\" rel=\"noopener noreferrer\"><img loading=\"lazy\" decoding=\"async\" width=\"300\" height=\"254\" src=\"https:\/\/construcsoft.com\/blog\/wp-content\/uploads\/2020\/05\/4-Arquitect-300x254.png\" alt=\"\" class=\"wp-image-565\" title=\"ALCANCES SOBRE EL DISE\u00d1O ARQUITECT\u00d3NICO\" srcset=\"https:\/\/construcsoft.com\/blog\/wp-content\/uploads\/2020\/05\/4-Arquitect-300x254.png 300w, https:\/\/construcsoft.com\/blog\/wp-content\/uploads\/2020\/05\/4-Arquitect.png 625w\" sizes=\"auto, (max-width: 300px) 100vw, 300px\" \/><\/a><\/figure><\/div>\n\n\n\n<p><span style=\"color: #800000;\"><\/span><\/p>\n\n\n\n<p><span style=\"color: #800000;\">Definimos los aspectos f\u00edsicos y las caracter\u00edsticas del proyecto de acuerdo a los requerimientos del cliente. Entregamos im\u00e1genes 3D donde se aprecia la funcionalidad ergon\u00f3mica del proyecto.<\/span><\/p>\n\n\n\n<h1 class=\"wp-block-heading\"><a href=\"http:\/\/casasdeplayaestructuras.blogspot.com\" target=\"_blank\" rel=\"noreferrer noopener\">ESTRUCTURAS<\/a><\/h1>\n\n\n\n<div class=\"wp-block-image\"><figure class=\"alignleft\"><a href=\"http:\/\/casasdeplayaestructuras.blogspot.com\" target=\"_blank\" rel=\"noopener noreferrer\"><img loading=\"lazy\" decoding=\"async\" width=\"300\" height=\"262\" src=\"https:\/\/construcsoft.com\/blog\/wp-content\/uploads\/2020\/05\/3-Estructuras-300x262.jpg\" alt=\"\" class=\"wp-image-554\" title=\"ALCANCES SOBRE EL DISE\u00d1O ESTRUCTURAL\" srcset=\"https:\/\/construcsoft.com\/blog\/wp-content\/uploads\/2020\/05\/3-Estructuras-300x262.jpg 300w, https:\/\/construcsoft.com\/blog\/wp-content\/uploads\/2020\/05\/3-Estructuras.jpg 618w\" sizes=\"auto, (max-width: 300px) 100vw, 300px\" \/><\/a><\/figure><\/div>\n\n\n\n<p><span style=\"color: #800000;\"><\/span><\/p>\n\n\n\n<p><span style=\"color: #800000;\">Desarrollamos todos los planos estructurales que garantizan la resistencia de la construcci\u00f3n, para el tipo presi\u00f3n admisible del terreno.<\/span><\/p>\n\n\n\n<h1 class=\"wp-block-heading\"><a href=\"http:\/\/casasdeplayainstalaciones.blogspot.com\" target=\"_blank\" rel=\"noreferrer noopener\">INSTALACIONES EL\u00c9CTRICAS E  INSTALACIONES SANITARIAS<\/a><span style=\"color: #800000;\">&nbsp;&nbsp;<\/span><\/h1>\n\n\n\n<div class=\"wp-block-image\"><figure class=\"alignleft\"><a href=\"http:\/\/casasdeplayainstalaciones.blogspot.com\" target=\"_blank\" rel=\"noopener noreferrer\"><img loading=\"lazy\" decoding=\"async\" width=\"300\" height=\"236\" src=\"https:\/\/construcsoft.com\/blog\/wp-content\/uploads\/2020\/05\/5-Y-6-Inst-El\u00e9ctr-Sanit-300x236.jpg\" alt=\"\" class=\"wp-image-566\" title=\"ALCANCES DE LAS INSTALACIONES EL\u00c9CTRICAS Y SANITARIAS\" srcset=\"https:\/\/construcsoft.com\/blog\/wp-content\/uploads\/2020\/05\/5-Y-6-Inst-El\u00e9ctr-Sanit-300x236.jpg 300w, https:\/\/construcsoft.com\/blog\/wp-content\/uploads\/2020\/05\/5-Y-6-Inst-El\u00e9ctr-Sanit.jpg 638w\" sizes=\"auto, (max-width: 300px) 100vw, 300px\" \/><\/a><\/figure><\/div>\n\n\n\n<p><span style=\"color: #800000;\"><\/span><\/p>\n\n\n\n<p><span style=\"color: #800000;\">Dise\u00f1amos todas las instalaciones el\u00e9ctricas,&nbsp; circuitos de iluminaci\u00f3n, circuitos de tomacorrientes.<\/span><\/p>\n\n\n\n<p><span style=\"color: #800000;\">Dise\u00f1amos las redes de agua fr\u00eda, agua caliente y redes de desag\u00fce.<\/span><\/p>\n\n\n\n<h1 class=\"wp-block-heading\"><a href=\"http:\/\/casasdeplayapresupuesto.blogspot.com\" target=\"_blank\" rel=\"noreferrer noopener\">PRESUPUESTO TOTAL DE OBRA<\/a><\/h1>\n\n\n\n<div class=\"wp-block-image\"><figure class=\"alignleft\"><a href=\"http:\/\/casasdeplayapresupuesto.blogspot.com\" target=\"_blank\" rel=\"noopener noreferrer\"><img loading=\"lazy\" decoding=\"async\" width=\"300\" height=\"231\" src=\"https:\/\/construcsoft.com\/blog\/wp-content\/uploads\/2020\/05\/7-Presupesto-300x231.jpg\" alt=\"\" class=\"wp-image-567\" title=\"ALCANCES DEL PRESUPUESTO Y CONSOLIDADO DE MATERIALES\" srcset=\"https:\/\/construcsoft.com\/blog\/wp-content\/uploads\/2020\/05\/7-Presupesto-300x231.jpg 300w, https:\/\/construcsoft.com\/blog\/wp-content\/uploads\/2020\/05\/7-Presupesto.jpg 631w\" sizes=\"auto, (max-width: 300px) 100vw, 300px\" \/><\/a><\/figure><\/div>\n\n\n\n<p><span style=\"color: #800000;\"><\/span><\/p>\n\n\n\n<p><span style=\"color: #800000;\">Elaboramos el metrado y presupuesto estimado con precios referenciales, el cronograma de avance de obra con la cantidad de materiales necesarios para la obra, como tambi\u00e9n el cuadro de adquisici\u00f3n de materiales<\/span><\/p>\n\n\n\n<h1 class=\"wp-block-heading\"><strong><span style=\"color: #800000;\">Cont\u00e1ctese con nosotros sin ning\u00fan compromiso, para asesorarlos y definir el cronograma de trabajo y los alcances de su proyecto.<\/span><\/strong><\/h1>\n\n\n\n<p><\/p>\n","protected":false},"excerpt":{"rendered":"<p>ALCANCES DEL PROYECTO Desarrollamos el expediente completo, planos, memorias descriptivas, presupuesto detallado, para obtener la respectiva licencia de construcci\u00f3n. LEVANTAMIENTO TOPOGR\u00c1FICO Efectuamos el estudio de la superficie del terreno para establecer el nivel definitivo del terreno. ARQUITECTURA Definimos los aspectos f\u00edsicos y las caracter\u00edsticas del proyecto de acuerdo a los requerimientos del cliente. Entregamos im\u00e1genes &hellip; <a href=\"https:\/\/construcsoft.com\/blog\/proyecto-casas-de-playa\/\" class=\"more-link\">Seguir leyendo <span class=\"screen-reader-text\">PONGA SU CASA EN NUESTRAS MANOS Y LA DISE\u00d1AREMOS A SU MEDIDA<\/span> <span class=\"meta-nav\">&rarr;<\/span><\/a><\/p>\n","protected":false},"author":1,"featured_media":0,"parent":0,"menu_order":0,"comment_status":"closed","ping_status":"closed","template":"page-templates\/full-width.php","meta":{"footnotes":""},"class_list":["post-558","page","type-page","status-publish","hentry"],"yoast_head":"<!-- This site is optimized with the Yoast SEO plugin v27.5 - https:\/\/yoast.com\/product\/yoast-seo-wordpress\/ -->\n<title>PONGA SU CASA EN NUESTRAS MANOS Y LA DISE\u00d1AREMOS A SU MEDIDA - Software para la Construcci\u00f3n \u2502An\u00e1lisis de Precios Unitarios \u2502Costos y Presupuestos \u2502Programaci\u00f3n \u2502Valorizaci\u00f3n \u2502Control de Obra por el Valor Ganado<\/title>\n<meta name=\"description\" content=\"Desarrollo de planos del proyecto a su medida\" \/>\n<meta name=\"robots\" content=\"index, follow, max-snippet:-1, max-image-preview:large, max-video-preview:-1\" \/>\n<link rel=\"canonical\" href=\"https:\/\/construcsoft.com\/blog\/proyecto-casas-de-playa\/\" \/>\n<meta property=\"og:locale\" content=\"es_ES\" \/>\n<meta property=\"og:type\" content=\"article\" \/>\n<meta property=\"og:title\" content=\"PONGA SU CASA EN NUESTRAS MANOS Y LA DISE\u00d1AREMOS A SU MEDIDA - Software para la Construcci\u00f3n \u2502An\u00e1lisis de Precios Unitarios \u2502Costos y Presupuestos \u2502Programaci\u00f3n \u2502Valorizaci\u00f3n \u2502Control de Obra por el Valor Ganado\" \/>\n<meta property=\"og:description\" content=\"Desarrollo de planos del proyecto a su medida\" \/>\n<meta property=\"og:url\" content=\"https:\/\/construcsoft.com\/blog\/proyecto-casas-de-playa\/\" \/>\n<meta property=\"og:site_name\" content=\"Software para la Construcci\u00f3n \u2502An\u00e1lisis de Precios Unitarios \u2502Costos y Presupuestos \u2502Programaci\u00f3n \u2502Valorizaci\u00f3n \u2502Control de Obra por el Valor Ganado\" \/>\n<meta property=\"article:modified_time\" content=\"2021-03-29T19:23:32+00:00\" \/>\n<meta property=\"og:image\" content=\"https:\/\/construcsoft.com\/blog\/wp-content\/uploads\/2020\/05\/Foto-Alcances-300x217.jpg\" \/>\n<meta name=\"twitter:card\" content=\"summary_large_image\" \/>\n<meta name=\"twitter:label1\" content=\"Tiempo de lectura\" \/>\n\t<meta name=\"twitter:data1\" content=\"2 minutos\" \/>\n<script type=\"application\/ld+json\" class=\"yoast-schema-graph\">{\"@context\":\"https:\\\/\\\/schema.org\",\"@graph\":[{\"@type\":\"WebPage\",\"@id\":\"https:\\\/\\\/construcsoft.com\\\/blog\\\/proyecto-casas-de-playa\\\/\",\"url\":\"https:\\\/\\\/construcsoft.com\\\/blog\\\/proyecto-casas-de-playa\\\/\",\"name\":\"PONGA SU CASA EN NUESTRAS MANOS Y LA DISE\u00d1AREMOS A SU MEDIDA - Software para la Construcci\u00f3n \u2502An\u00e1lisis de Precios Unitarios \u2502Costos y Presupuestos \u2502Programaci\u00f3n \u2502Valorizaci\u00f3n \u2502Control de Obra por el Valor Ganado\",\"isPartOf\":{\"@id\":\"https:\\\/\\\/construcsoft.com\\\/blog\\\/#website\"},\"primaryImageOfPage\":{\"@id\":\"https:\\\/\\\/construcsoft.com\\\/blog\\\/proyecto-casas-de-playa\\\/#primaryimage\"},\"image\":{\"@id\":\"https:\\\/\\\/construcsoft.com\\\/blog\\\/proyecto-casas-de-playa\\\/#primaryimage\"},\"thumbnailUrl\":\"https:\\\/\\\/construcsoft.com\\\/blog\\\/wp-content\\\/uploads\\\/2020\\\/05\\\/Foto-Alcances-300x217.jpg\",\"datePublished\":\"2020-05-06T01:05:21+00:00\",\"dateModified\":\"2021-03-29T19:23:32+00:00\",\"description\":\"Desarrollo de planos del proyecto a su medida\",\"breadcrumb\":{\"@id\":\"https:\\\/\\\/construcsoft.com\\\/blog\\\/proyecto-casas-de-playa\\\/#breadcrumb\"},\"inLanguage\":\"es\",\"potentialAction\":[{\"@type\":\"ReadAction\",\"target\":[\"https:\\\/\\\/construcsoft.com\\\/blog\\\/proyecto-casas-de-playa\\\/\"]}]},{\"@type\":\"ImageObject\",\"inLanguage\":\"es\",\"@id\":\"https:\\\/\\\/construcsoft.com\\\/blog\\\/proyecto-casas-de-playa\\\/#primaryimage\",\"url\":\"https:\\\/\\\/construcsoft.com\\\/blog\\\/wp-content\\\/uploads\\\/2020\\\/05\\\/Foto-Alcances.jpg\",\"contentUrl\":\"https:\\\/\\\/construcsoft.com\\\/blog\\\/wp-content\\\/uploads\\\/2020\\\/05\\\/Foto-Alcances.jpg\",\"width\":804,\"height\":582},{\"@type\":\"BreadcrumbList\",\"@id\":\"https:\\\/\\\/construcsoft.com\\\/blog\\\/proyecto-casas-de-playa\\\/#breadcrumb\",\"itemListElement\":[{\"@type\":\"ListItem\",\"position\":1,\"name\":\"Inicio\",\"item\":\"https:\\\/\\\/construcsoft.com\\\/blog\\\/\"},{\"@type\":\"ListItem\",\"position\":2,\"name\":\"PONGA SU CASA EN NUESTRAS MANOS Y LA DISE\u00d1AREMOS A SU MEDIDA\"}]},{\"@type\":\"WebSite\",\"@id\":\"https:\\\/\\\/construcsoft.com\\\/blog\\\/#website\",\"url\":\"https:\\\/\\\/construcsoft.com\\\/blog\\\/\",\"name\":\"Software para la Construcci\u00f3n \u2502An\u00e1lisis de Precios Unitarios \u2502Costos y Presupuestos \u2502Programaci\u00f3n \u2502Valorizaci\u00f3n \u2502Control de Obra por el Valor Ganado\",\"description\":\"Software para Construcci\u00f3n - ConstrucSoft\",\"publisher\":{\"@id\":\"https:\\\/\\\/construcsoft.com\\\/blog\\\/#\\\/schema\\\/person\\\/f456897c1565f7ef1c628b8f708b39fb\"},\"potentialAction\":[{\"@type\":\"SearchAction\",\"target\":{\"@type\":\"EntryPoint\",\"urlTemplate\":\"https:\\\/\\\/construcsoft.com\\\/blog\\\/?s={search_term_string}\"},\"query-input\":{\"@type\":\"PropertyValueSpecification\",\"valueRequired\":true,\"valueName\":\"search_term_string\"}}],\"inLanguage\":\"es\"},{\"@type\":[\"Person\",\"Organization\"],\"@id\":\"https:\\\/\\\/construcsoft.com\\\/blog\\\/#\\\/schema\\\/person\\\/f456897c1565f7ef1c628b8f708b39fb\",\"name\":\"Gilberto Le\u00f3n Ruiz\",\"image\":{\"@type\":\"ImageObject\",\"inLanguage\":\"es\",\"@id\":\"https:\\\/\\\/construcsoft.com\\\/blog\\\/wp-content\\\/uploads\\\/2015\\\/09\\\/Foto_Beto.jpg\",\"url\":\"https:\\\/\\\/construcsoft.com\\\/blog\\\/wp-content\\\/uploads\\\/2015\\\/09\\\/Foto_Beto.jpg\",\"contentUrl\":\"https:\\\/\\\/construcsoft.com\\\/blog\\\/wp-content\\\/uploads\\\/2015\\\/09\\\/Foto_Beto.jpg\",\"width\":1600,\"height\":1200,\"caption\":\"Gilberto Le\u00f3n Ruiz\"},\"logo\":{\"@id\":\"https:\\\/\\\/construcsoft.com\\\/blog\\\/wp-content\\\/uploads\\\/2015\\\/09\\\/Foto_Beto.jpg\"},\"sameAs\":[\"http:\\\/\\\/CONSTRUCSOFT.COM\"]}]}<\/script>\n<!-- \/ Yoast SEO plugin. -->","yoast_head_json":{"title":"PONGA SU CASA EN NUESTRAS MANOS Y LA DISE\u00d1AREMOS A SU MEDIDA - Software para la Construcci\u00f3n \u2502An\u00e1lisis de Precios Unitarios \u2502Costos y Presupuestos \u2502Programaci\u00f3n \u2502Valorizaci\u00f3n \u2502Control de Obra por el Valor Ganado","description":"Desarrollo de planos del proyecto a su medida","robots":{"index":"index","follow":"follow","max-snippet":"max-snippet:-1","max-image-preview":"max-image-preview:large","max-video-preview":"max-video-preview:-1"},"canonical":"https:\/\/construcsoft.com\/blog\/proyecto-casas-de-playa\/","og_locale":"es_ES","og_type":"article","og_title":"PONGA SU CASA EN NUESTRAS MANOS Y LA DISE\u00d1AREMOS A SU MEDIDA - Software para la Construcci\u00f3n \u2502An\u00e1lisis de Precios Unitarios \u2502Costos y Presupuestos \u2502Programaci\u00f3n \u2502Valorizaci\u00f3n \u2502Control de Obra por el Valor Ganado","og_description":"Desarrollo de planos del proyecto a su medida","og_url":"https:\/\/construcsoft.com\/blog\/proyecto-casas-de-playa\/","og_site_name":"Software para la Construcci\u00f3n \u2502An\u00e1lisis de Precios Unitarios \u2502Costos y Presupuestos \u2502Programaci\u00f3n \u2502Valorizaci\u00f3n \u2502Control de Obra por el Valor Ganado","article_modified_time":"2021-03-29T19:23:32+00:00","og_image":[{"url":"https:\/\/construcsoft.com\/blog\/wp-content\/uploads\/2020\/05\/Foto-Alcances-300x217.jpg","type":"","width":"","height":""}],"twitter_card":"summary_large_image","twitter_misc":{"Tiempo de lectura":"2 minutos"},"schema":{"@context":"https:\/\/schema.org","@graph":[{"@type":"WebPage","@id":"https:\/\/construcsoft.com\/blog\/proyecto-casas-de-playa\/","url":"https:\/\/construcsoft.com\/blog\/proyecto-casas-de-playa\/","name":"PONGA SU CASA EN NUESTRAS MANOS Y LA DISE\u00d1AREMOS A SU MEDIDA - Software para la Construcci\u00f3n \u2502An\u00e1lisis de Precios Unitarios \u2502Costos y Presupuestos \u2502Programaci\u00f3n \u2502Valorizaci\u00f3n \u2502Control de Obra por el Valor Ganado","isPartOf":{"@id":"https:\/\/construcsoft.com\/blog\/#website"},"primaryImageOfPage":{"@id":"https:\/\/construcsoft.com\/blog\/proyecto-casas-de-playa\/#primaryimage"},"image":{"@id":"https:\/\/construcsoft.com\/blog\/proyecto-casas-de-playa\/#primaryimage"},"thumbnailUrl":"https:\/\/construcsoft.com\/blog\/wp-content\/uploads\/2020\/05\/Foto-Alcances-300x217.jpg","datePublished":"2020-05-06T01:05:21+00:00","dateModified":"2021-03-29T19:23:32+00:00","description":"Desarrollo de planos del proyecto a su medida","breadcrumb":{"@id":"https:\/\/construcsoft.com\/blog\/proyecto-casas-de-playa\/#breadcrumb"},"inLanguage":"es","potentialAction":[{"@type":"ReadAction","target":["https:\/\/construcsoft.com\/blog\/proyecto-casas-de-playa\/"]}]},{"@type":"ImageObject","inLanguage":"es","@id":"https:\/\/construcsoft.com\/blog\/proyecto-casas-de-playa\/#primaryimage","url":"https:\/\/construcsoft.com\/blog\/wp-content\/uploads\/2020\/05\/Foto-Alcances.jpg","contentUrl":"https:\/\/construcsoft.com\/blog\/wp-content\/uploads\/2020\/05\/Foto-Alcances.jpg","width":804,"height":582},{"@type":"BreadcrumbList","@id":"https:\/\/construcsoft.com\/blog\/proyecto-casas-de-playa\/#breadcrumb","itemListElement":[{"@type":"ListItem","position":1,"name":"Inicio","item":"https:\/\/construcsoft.com\/blog\/"},{"@type":"ListItem","position":2,"name":"PONGA SU CASA EN NUESTRAS MANOS Y LA DISE\u00d1AREMOS A SU MEDIDA"}]},{"@type":"WebSite","@id":"https:\/\/construcsoft.com\/blog\/#website","url":"https:\/\/construcsoft.com\/blog\/","name":"Software para la Construcci\u00f3n \u2502An\u00e1lisis de Precios Unitarios \u2502Costos y Presupuestos \u2502Programaci\u00f3n \u2502Valorizaci\u00f3n \u2502Control de Obra por el Valor Ganado","description":"Software para Construcci\u00f3n - ConstrucSoft","publisher":{"@id":"https:\/\/construcsoft.com\/blog\/#\/schema\/person\/f456897c1565f7ef1c628b8f708b39fb"},"potentialAction":[{"@type":"SearchAction","target":{"@type":"EntryPoint","urlTemplate":"https:\/\/construcsoft.com\/blog\/?s={search_term_string}"},"query-input":{"@type":"PropertyValueSpecification","valueRequired":true,"valueName":"search_term_string"}}],"inLanguage":"es"},{"@type":["Person","Organization"],"@id":"https:\/\/construcsoft.com\/blog\/#\/schema\/person\/f456897c1565f7ef1c628b8f708b39fb","name":"Gilberto Le\u00f3n Ruiz","image":{"@type":"ImageObject","inLanguage":"es","@id":"https:\/\/construcsoft.com\/blog\/wp-content\/uploads\/2015\/09\/Foto_Beto.jpg","url":"https:\/\/construcsoft.com\/blog\/wp-content\/uploads\/2015\/09\/Foto_Beto.jpg","contentUrl":"https:\/\/construcsoft.com\/blog\/wp-content\/uploads\/2015\/09\/Foto_Beto.jpg","width":1600,"height":1200,"caption":"Gilberto Le\u00f3n Ruiz"},"logo":{"@id":"https:\/\/construcsoft.com\/blog\/wp-content\/uploads\/2015\/09\/Foto_Beto.jpg"},"sameAs":["http:\/\/CONSTRUCSOFT.COM"]}]}},"_links":{"self":[{"href":"https:\/\/construcsoft.com\/blog\/wp-json\/wp\/v2\/pages\/558","targetHints":{"allow":["GET"]}}],"collection":[{"href":"https:\/\/construcsoft.com\/blog\/wp-json\/wp\/v2\/pages"}],"about":[{"href":"https:\/\/construcsoft.com\/blog\/wp-json\/wp\/v2\/types\/page"}],"author":[{"embeddable":true,"href":"https:\/\/construcsoft.com\/blog\/wp-json\/wp\/v2\/users\/1"}],"replies":[{"embeddable":true,"href":"https:\/\/construcsoft.com\/blog\/wp-json\/wp\/v2\/comments?post=558"}],"version-history":[{"count":14,"href":"https:\/\/construcsoft.com\/blog\/wp-json\/wp\/v2\/pages\/558\/revisions"}],"predecessor-version":[{"id":798,"href":"https:\/\/construcsoft.com\/blog\/wp-json\/wp\/v2\/pages\/558\/revisions\/798"}],"wp:attachment":[{"href":"https:\/\/construcsoft.com\/blog\/wp-json\/wp\/v2\/media?parent=558"}],"curies":[{"name":"wp","href":"https:\/\/api.w.org\/{rel}","templated":true}]}}