{"id":590,"date":"2020-06-06T14:39:59","date_gmt":"2020-06-06T19:39:59","guid":{"rendered":"https:\/\/construcsoft.com\/blog\/?page_id=590"},"modified":"2024-09-17T12:28:10","modified_gmt":"2024-09-17T17:28:10","slug":"como-presupuestar-obras-electromecanicas","status":"publish","type":"page","link":"https:\/\/construcsoft.com\/blog\/como-presupuestar-obras-electromecanicas\/","title":{"rendered":"C\u00f3mo presupuestar obras CIVILES  Y  electromec\u00e1nicas"},"content":{"rendered":"\n<h1 class=\"wp-block-heading\"><span style=\"color: #008000;\">Presupueste todo tipo de obras con ConstrucSoft y descargue los respectivos art\u00edculos.<\/span><\/h1>\n\n\n\n<h2 class=\"wp-block-heading\"><strong><a href=\"http:\/\/tanquesdepetroleo.blogspot.com\" target=\"_blank\" rel=\"noopener\"><span style=\"color: #000080;\">&#8211; CONSTRUCCI\u00d3N DE TANQUES DE  ALMACENAMIENTO 146 MB<\/span><\/a><\/strong><\/h2>\n\n\n\n<h2 class=\"wp-block-heading\"><strong><a href=\"http:\/\/lineasdetransmision60kv.blogspot.com\" target=\"_blank\" rel=\"noopener\"><span style=\"color: #000080;\">&#8211; MONTAJE DE L\u00cdNEA DE TRANSMISI\u00d3N DE 60 kV<\/span><\/a><\/strong><\/h2>\n\n\n\n<h2 class=\"wp-block-heading\"><a href=\"http:\/\/plantaconcentradora.blogspot.com\" target=\"_blank\" rel=\"noopener\"><strong><span style=\"color: #000080;\">&#8211; MONTAJE DE UNA PLANTA CONCENTRADORA<\/span><\/strong><\/a><\/h2>\n\n\n\n<h2 class=\"wp-block-heading\"><a href=\"http:\/\/carreteras001.blogspot.com\" target=\"_blank\" rel=\"noopener\"><span style=\"color: #000080;\">&#8211; CONSTRUCCI\u00d3N Y MANTENIMIENTO DE CARRETERAS<\/span><\/a><\/h2>\n\n\n\n<h2 class=\"wp-block-heading\"><a href=\"http:\/\/obrassedapal.blogspot.com\" target=\"_blank\" rel=\"noopener noreferrer\"><span style=\"color: #000080;\">&#8211; AGUA POTABLE Y ALCANTARILLADO &#8211; SEDAPAL<\/span><\/a><\/h2>\n\n\n\n<h2 class=\"wp-block-heading\"><a href=\"http:\/\/nopreciounitariolinea138kv.blogspot.com\" target=\"_blank\" rel=\"noopener noreferrer\"><span style=\"color: #000080;\">&#8211; PORQU\u00c9 NO SE DEBEN PRESUPUESTAR L\u00cdNEAS DE TRANSMISI\u00d3N MEDIANTE EL SISTEMA DE AN\u00c1LISIS DE PRECIOS UNITARIOS&nbsp;<\/span><\/a><\/h2>\n\n\n\n<p><\/p>\n","protected":false},"excerpt":{"rendered":"<p>Presupueste todo tipo de obras con ConstrucSoft y descargue los respectivos art\u00edculos. &#8211; CONSTRUCCI\u00d3N DE TANQUES DE ALMACENAMIENTO 146 MB &#8211; MONTAJE DE L\u00cdNEA DE TRANSMISI\u00d3N DE 60 kV &#8211; MONTAJE DE UNA PLANTA CONCENTRADORA &#8211; CONSTRUCCI\u00d3N Y MANTENIMIENTO DE CARRETERAS &#8211; AGUA POTABLE Y ALCANTARILLADO &#8211; SEDAPAL &#8211; PORQU\u00c9 NO SE DEBEN PRESUPUESTAR L\u00cdNEAS &hellip; <a href=\"https:\/\/construcsoft.com\/blog\/como-presupuestar-obras-electromecanicas\/\" class=\"more-link\">Seguir leyendo <span class=\"screen-reader-text\">C\u00f3mo presupuestar obras CIVILES  Y  electromec\u00e1nicas<\/span> <span class=\"meta-nav\">&rarr;<\/span><\/a><\/p>\n","protected":false},"author":1,"featured_media":0,"parent":0,"menu_order":0,"comment_status":"closed","ping_status":"closed","template":"","meta":{"footnotes":""},"class_list":["post-590","page","type-page","status-publish","hentry"],"yoast_head":"<!-- This site is optimized with the Yoast SEO plugin v27.3 - https:\/\/yoast.com\/product\/yoast-seo-wordpress\/ -->\n<title>C\u00f3mo presupuestar obras CIVILES Y electromec\u00e1nicas - Software para la Construcci\u00f3n \u2502An\u00e1lisis de Precios Unitarios \u2502Costos y Presupuestos \u2502Programaci\u00f3n \u2502Valorizaci\u00f3n \u2502Control de Obra por el Valor Ganado<\/title>\n<meta name=\"description\" content=\"Formas de presupuestar obras civiles y electromec\u00e1nicas\" \/>\n<meta name=\"robots\" content=\"index, follow, max-snippet:-1, max-image-preview:large, max-video-preview:-1\" \/>\n<link rel=\"canonical\" href=\"https:\/\/construcsoft.com\/blog\/como-presupuestar-obras-electromecanicas\/\" \/>\n<meta property=\"og:locale\" content=\"es_ES\" \/>\n<meta property=\"og:type\" content=\"article\" \/>\n<meta property=\"og:title\" content=\"C\u00f3mo presupuestar obras CIVILES Y electromec\u00e1nicas - Software para la Construcci\u00f3n \u2502An\u00e1lisis de Precios Unitarios \u2502Costos y Presupuestos \u2502Programaci\u00f3n \u2502Valorizaci\u00f3n \u2502Control de Obra por el Valor Ganado\" \/>\n<meta property=\"og:description\" content=\"Formas de presupuestar obras civiles y electromec\u00e1nicas\" \/>\n<meta property=\"og:url\" content=\"https:\/\/construcsoft.com\/blog\/como-presupuestar-obras-electromecanicas\/\" \/>\n<meta property=\"og:site_name\" content=\"Software para la Construcci\u00f3n \u2502An\u00e1lisis de Precios Unitarios \u2502Costos y Presupuestos \u2502Programaci\u00f3n \u2502Valorizaci\u00f3n \u2502Control de Obra por el Valor Ganado\" \/>\n<meta property=\"article:modified_time\" content=\"2024-09-17T17:28:10+00:00\" \/>\n<meta name=\"twitter:card\" content=\"summary_large_image\" \/>\n<meta name=\"twitter:label1\" content=\"Tiempo de lectura\" \/>\n\t<meta name=\"twitter:data1\" content=\"1 minuto\" \/>\n<script type=\"application\/ld+json\" class=\"yoast-schema-graph\">{\"@context\":\"https:\\\/\\\/schema.org\",\"@graph\":[{\"@type\":\"WebPage\",\"@id\":\"https:\\\/\\\/construcsoft.com\\\/blog\\\/como-presupuestar-obras-electromecanicas\\\/\",\"url\":\"https:\\\/\\\/construcsoft.com\\\/blog\\\/como-presupuestar-obras-electromecanicas\\\/\",\"name\":\"C\u00f3mo presupuestar obras CIVILES Y electromec\u00e1nicas - Software para la Construcci\u00f3n \u2502An\u00e1lisis de Precios Unitarios \u2502Costos y Presupuestos \u2502Programaci\u00f3n \u2502Valorizaci\u00f3n \u2502Control de Obra por el Valor Ganado\",\"isPartOf\":{\"@id\":\"https:\\\/\\\/construcsoft.com\\\/blog\\\/#website\"},\"datePublished\":\"2020-06-06T19:39:59+00:00\",\"dateModified\":\"2024-09-17T17:28:10+00:00\",\"description\":\"Formas de presupuestar obras civiles y electromec\u00e1nicas\",\"breadcrumb\":{\"@id\":\"https:\\\/\\\/construcsoft.com\\\/blog\\\/como-presupuestar-obras-electromecanicas\\\/#breadcrumb\"},\"inLanguage\":\"es\",\"potentialAction\":[{\"@type\":\"ReadAction\",\"target\":[\"https:\\\/\\\/construcsoft.com\\\/blog\\\/como-presupuestar-obras-electromecanicas\\\/\"]}]},{\"@type\":\"BreadcrumbList\",\"@id\":\"https:\\\/\\\/construcsoft.com\\\/blog\\\/como-presupuestar-obras-electromecanicas\\\/#breadcrumb\",\"itemListElement\":[{\"@type\":\"ListItem\",\"position\":1,\"name\":\"Inicio\",\"item\":\"https:\\\/\\\/construcsoft.com\\\/blog\\\/\"},{\"@type\":\"ListItem\",\"position\":2,\"name\":\"C\u00f3mo presupuestar obras CIVILES Y electromec\u00e1nicas\"}]},{\"@type\":\"WebSite\",\"@id\":\"https:\\\/\\\/construcsoft.com\\\/blog\\\/#website\",\"url\":\"https:\\\/\\\/construcsoft.com\\\/blog\\\/\",\"name\":\"Software para la Construcci\u00f3n \u2502An\u00e1lisis de Precios Unitarios \u2502Costos y Presupuestos \u2502Programaci\u00f3n \u2502Valorizaci\u00f3n \u2502Control de Obra por el Valor Ganado\",\"description\":\"Software para Construcci\u00f3n - ConstrucSoft\",\"publisher\":{\"@id\":\"https:\\\/\\\/construcsoft.com\\\/blog\\\/#\\\/schema\\\/person\\\/f456897c1565f7ef1c628b8f708b39fb\"},\"potentialAction\":[{\"@type\":\"SearchAction\",\"target\":{\"@type\":\"EntryPoint\",\"urlTemplate\":\"https:\\\/\\\/construcsoft.com\\\/blog\\\/?s={search_term_string}\"},\"query-input\":{\"@type\":\"PropertyValueSpecification\",\"valueRequired\":true,\"valueName\":\"search_term_string\"}}],\"inLanguage\":\"es\"},{\"@type\":[\"Person\",\"Organization\"],\"@id\":\"https:\\\/\\\/construcsoft.com\\\/blog\\\/#\\\/schema\\\/person\\\/f456897c1565f7ef1c628b8f708b39fb\",\"name\":\"Gilberto Le\u00f3n Ruiz\",\"image\":{\"@type\":\"ImageObject\",\"inLanguage\":\"es\",\"@id\":\"https:\\\/\\\/construcsoft.com\\\/blog\\\/wp-content\\\/uploads\\\/2015\\\/09\\\/Foto_Beto.jpg\",\"url\":\"https:\\\/\\\/construcsoft.com\\\/blog\\\/wp-content\\\/uploads\\\/2015\\\/09\\\/Foto_Beto.jpg\",\"contentUrl\":\"https:\\\/\\\/construcsoft.com\\\/blog\\\/wp-content\\\/uploads\\\/2015\\\/09\\\/Foto_Beto.jpg\",\"width\":1600,\"height\":1200,\"caption\":\"Gilberto Le\u00f3n Ruiz\"},\"logo\":{\"@id\":\"https:\\\/\\\/construcsoft.com\\\/blog\\\/wp-content\\\/uploads\\\/2015\\\/09\\\/Foto_Beto.jpg\"},\"sameAs\":[\"http:\\\/\\\/CONSTRUCSOFT.COM\"]}]}<\/script>\n<!-- \/ Yoast SEO plugin. -->","yoast_head_json":{"title":"C\u00f3mo presupuestar obras CIVILES Y electromec\u00e1nicas - Software para la Construcci\u00f3n \u2502An\u00e1lisis de Precios Unitarios \u2502Costos y Presupuestos \u2502Programaci\u00f3n \u2502Valorizaci\u00f3n \u2502Control de Obra por el Valor Ganado","description":"Formas de presupuestar obras civiles y electromec\u00e1nicas","robots":{"index":"index","follow":"follow","max-snippet":"max-snippet:-1","max-image-preview":"max-image-preview:large","max-video-preview":"max-video-preview:-1"},"canonical":"https:\/\/construcsoft.com\/blog\/como-presupuestar-obras-electromecanicas\/","og_locale":"es_ES","og_type":"article","og_title":"C\u00f3mo presupuestar obras CIVILES Y electromec\u00e1nicas - Software para la Construcci\u00f3n \u2502An\u00e1lisis de Precios Unitarios \u2502Costos y Presupuestos \u2502Programaci\u00f3n \u2502Valorizaci\u00f3n \u2502Control de Obra por el Valor Ganado","og_description":"Formas de presupuestar obras civiles y electromec\u00e1nicas","og_url":"https:\/\/construcsoft.com\/blog\/como-presupuestar-obras-electromecanicas\/","og_site_name":"Software para la Construcci\u00f3n \u2502An\u00e1lisis de Precios Unitarios \u2502Costos y Presupuestos \u2502Programaci\u00f3n \u2502Valorizaci\u00f3n \u2502Control de Obra por el Valor Ganado","article_modified_time":"2024-09-17T17:28:10+00:00","twitter_card":"summary_large_image","twitter_misc":{"Tiempo de lectura":"1 minuto"},"schema":{"@context":"https:\/\/schema.org","@graph":[{"@type":"WebPage","@id":"https:\/\/construcsoft.com\/blog\/como-presupuestar-obras-electromecanicas\/","url":"https:\/\/construcsoft.com\/blog\/como-presupuestar-obras-electromecanicas\/","name":"C\u00f3mo presupuestar obras CIVILES Y electromec\u00e1nicas - Software para la Construcci\u00f3n \u2502An\u00e1lisis de Precios Unitarios \u2502Costos y Presupuestos \u2502Programaci\u00f3n \u2502Valorizaci\u00f3n \u2502Control de Obra por el Valor Ganado","isPartOf":{"@id":"https:\/\/construcsoft.com\/blog\/#website"},"datePublished":"2020-06-06T19:39:59+00:00","dateModified":"2024-09-17T17:28:10+00:00","description":"Formas de presupuestar obras civiles y electromec\u00e1nicas","breadcrumb":{"@id":"https:\/\/construcsoft.com\/blog\/como-presupuestar-obras-electromecanicas\/#breadcrumb"},"inLanguage":"es","potentialAction":[{"@type":"ReadAction","target":["https:\/\/construcsoft.com\/blog\/como-presupuestar-obras-electromecanicas\/"]}]},{"@type":"BreadcrumbList","@id":"https:\/\/construcsoft.com\/blog\/como-presupuestar-obras-electromecanicas\/#breadcrumb","itemListElement":[{"@type":"ListItem","position":1,"name":"Inicio","item":"https:\/\/construcsoft.com\/blog\/"},{"@type":"ListItem","position":2,"name":"C\u00f3mo presupuestar obras CIVILES Y electromec\u00e1nicas"}]},{"@type":"WebSite","@id":"https:\/\/construcsoft.com\/blog\/#website","url":"https:\/\/construcsoft.com\/blog\/","name":"Software para la Construcci\u00f3n \u2502An\u00e1lisis de Precios Unitarios \u2502Costos y Presupuestos \u2502Programaci\u00f3n \u2502Valorizaci\u00f3n \u2502Control de Obra por el Valor Ganado","description":"Software para Construcci\u00f3n - ConstrucSoft","publisher":{"@id":"https:\/\/construcsoft.com\/blog\/#\/schema\/person\/f456897c1565f7ef1c628b8f708b39fb"},"potentialAction":[{"@type":"SearchAction","target":{"@type":"EntryPoint","urlTemplate":"https:\/\/construcsoft.com\/blog\/?s={search_term_string}"},"query-input":{"@type":"PropertyValueSpecification","valueRequired":true,"valueName":"search_term_string"}}],"inLanguage":"es"},{"@type":["Person","Organization"],"@id":"https:\/\/construcsoft.com\/blog\/#\/schema\/person\/f456897c1565f7ef1c628b8f708b39fb","name":"Gilberto Le\u00f3n Ruiz","image":{"@type":"ImageObject","inLanguage":"es","@id":"https:\/\/construcsoft.com\/blog\/wp-content\/uploads\/2015\/09\/Foto_Beto.jpg","url":"https:\/\/construcsoft.com\/blog\/wp-content\/uploads\/2015\/09\/Foto_Beto.jpg","contentUrl":"https:\/\/construcsoft.com\/blog\/wp-content\/uploads\/2015\/09\/Foto_Beto.jpg","width":1600,"height":1200,"caption":"Gilberto Le\u00f3n Ruiz"},"logo":{"@id":"https:\/\/construcsoft.com\/blog\/wp-content\/uploads\/2015\/09\/Foto_Beto.jpg"},"sameAs":["http:\/\/CONSTRUCSOFT.COM"]}]}},"_links":{"self":[{"href":"https:\/\/construcsoft.com\/blog\/wp-json\/wp\/v2\/pages\/590","targetHints":{"allow":["GET"]}}],"collection":[{"href":"https:\/\/construcsoft.com\/blog\/wp-json\/wp\/v2\/pages"}],"about":[{"href":"https:\/\/construcsoft.com\/blog\/wp-json\/wp\/v2\/types\/page"}],"author":[{"embeddable":true,"href":"https:\/\/construcsoft.com\/blog\/wp-json\/wp\/v2\/users\/1"}],"replies":[{"embeddable":true,"href":"https:\/\/construcsoft.com\/blog\/wp-json\/wp\/v2\/comments?post=590"}],"version-history":[{"count":22,"href":"https:\/\/construcsoft.com\/blog\/wp-json\/wp\/v2\/pages\/590\/revisions"}],"predecessor-version":[{"id":914,"href":"https:\/\/construcsoft.com\/blog\/wp-json\/wp\/v2\/pages\/590\/revisions\/914"}],"wp:attachment":[{"href":"https:\/\/construcsoft.com\/blog\/wp-json\/wp\/v2\/media?parent=590"}],"curies":[{"name":"wp","href":"https:\/\/api.w.org\/{rel}","templated":true}]}}