{"id":92,"date":"2015-09-04T21:28:10","date_gmt":"2015-09-05T02:28:10","guid":{"rendered":"http:\/\/construcsoft.com\/demo2\/?page_id=92"},"modified":"2026-01-30T09:53:45","modified_gmt":"2026-01-30T14:53:45","slug":"pagina-principal-2","status":"publish","type":"page","link":"https:\/\/construcsoft.com\/blog\/","title":{"rendered":"CURSO: C\u00d3MO SE DEBEN PRESUPUESTAR LAS OBRAS ELECTROMEC\u00c1NICAS"},"content":{"rendered":"<div class=\"wp-block-image\">\n<figure class=\"aligncenter size-large\"><a href=\"https:\/\/construcsoft.hotmart.host\/pagina-de-ventas-aaf6159d-9186-4066-b50c-52e7d37a9f15\" target=\"_blank\" rel=\"noreferrer noopener\"><img loading=\"lazy\" decoding=\"async\" width=\"1024\" height=\"581\" src=\"https:\/\/construcsoft.com\/blog\/wp-content\/uploads\/2024\/05\/Para-Linkedin-1024x581.jpg\" alt=\"\" class=\"wp-image-899\" srcset=\"https:\/\/construcsoft.com\/blog\/wp-content\/uploads\/2024\/05\/Para-Linkedin-1024x581.jpg 1024w, https:\/\/construcsoft.com\/blog\/wp-content\/uploads\/2024\/05\/Para-Linkedin-300x170.jpg 300w, https:\/\/construcsoft.com\/blog\/wp-content\/uploads\/2024\/05\/Para-Linkedin-768x436.jpg 768w, https:\/\/construcsoft.com\/blog\/wp-content\/uploads\/2024\/05\/Para-Linkedin-1536x871.jpg 1536w, https:\/\/construcsoft.com\/blog\/wp-content\/uploads\/2024\/05\/Para-Linkedin.jpg 1920w\" sizes=\"auto, (max-width: 1024px) 100vw, 1024px\" \/><\/a><\/figure>\n<\/div>\n\n\n<blockquote class=\"wp-block-quote is-layout-flow wp-block-quote-is-layout-flow\">\n<p><\/p>\n\n\n\n<p><\/p>\n\n\n\n<p><\/p>\n\n\n\n<p class=\"has-text-align-left has-black-color has-text-color has-link-color wp-elements-65763d65288c565bdad45a318db466ca\"><em><strong>Sea un especialista presupuestando obras electromec\u00e1nicas, c\u00f3mo refiner\u00edas, centrales hidroel\u00e9ctricas, l\u00edneas de alta tensi\u00f3n, montaje de tanques, oleoductos y todo tipo de obra de gran envergadura.<\/strong><\/em><\/p>\n\n\n\n<p class=\"has-text-align-left has-black-color has-text-color has-link-color wp-elements-1526c61be75bf09eaf1e7fde8bb4e995\"><strong><em>El presente curso, le brindar\u00e1 los fundamentos necesarios para presupuestar sus obras en forma global, en base a rendimientos de cuadrillas en horas-hombre, sin efectuar ning\u00fan an\u00e1lisis de precio unitario. <\/em><\/strong><\/p>\n\n\n\n<p class=\"has-text-align-left has-black-color has-text-color has-link-color wp-elements-5e02c69835440bb31065fc2935d4a621\"><strong><em>Adquiera el curso, estoy seguro que me lo agradecer\u00e1.<\/em><\/strong><\/p>\n\n\n\n<p><\/p>\n\n\n\n<p><\/p>\n\n\n\n<p><\/p>\n\n\n\n<p class=\"has-black-color has-text-color has-link-color wp-elements-9ac00cf961d1ea846fe5a532228b76c6\"><\/p>\n\n\n\n<p class=\"has-black-color has-text-color has-link-color wp-elements-9ac00cf961d1ea846fe5a532228b76c6\"><\/p>\n<\/blockquote>\n\n\n<div class=\"wp-block-image\">\n<figure class=\"alignleft size-full is-resized\"><a href=\"https:\/\/construcsoft.hotmart.host\/pagina-de-ventas-aaf6159d-9186-4066-b50c-52e7d37a9f15\" target=\"_blank\" rel=\"noreferrer noopener\"><img loading=\"lazy\" decoding=\"async\" width=\"364\" height=\"76\" src=\"https:\/\/construcsoft.com\/blog\/wp-content\/uploads\/2024\/05\/Acceder-al-curso.jpg\" alt=\"\" class=\"wp-image-900\" style=\"aspect-ratio:4.790532544378698;width:254px;height:auto\" srcset=\"https:\/\/construcsoft.com\/blog\/wp-content\/uploads\/2024\/05\/Acceder-al-curso.jpg 364w, https:\/\/construcsoft.com\/blog\/wp-content\/uploads\/2024\/05\/Acceder-al-curso-300x63.jpg 300w\" sizes=\"auto, (max-width: 364px) 100vw, 364px\" \/><\/a><\/figure>\n<\/div>\n\n\n<p><\/p>\n","protected":false},"excerpt":{"rendered":"<p>Sea un especialista presupuestando obras electromec\u00e1nicas, c\u00f3mo refiner\u00edas, centrales hidroel\u00e9ctricas, l\u00edneas de alta tensi\u00f3n, montaje de tanques, oleoductos y todo tipo de obra de gran envergadura. El presente curso, le brindar\u00e1 los fundamentos necesarios para presupuestar sus obras en forma global, en base a rendimientos de cuadrillas en horas-hombre, sin efectuar ning\u00fan an\u00e1lisis de precio &hellip; <a href=\"https:\/\/construcsoft.com\/blog\/\" class=\"more-link\">Seguir leyendo <span class=\"screen-reader-text\">CURSO: C\u00d3MO SE DEBEN PRESUPUESTAR LAS OBRAS ELECTROMEC\u00c1NICAS<\/span> <span class=\"meta-nav\">&rarr;<\/span><\/a><\/p>\n","protected":false},"author":2,"featured_media":0,"parent":0,"menu_order":0,"comment_status":"closed","ping_status":"closed","template":"","meta":{"footnotes":""},"class_list":["post-92","page","type-page","status-publish","hentry"],"yoast_head":"<!-- This site is optimized with the Yoast SEO plugin v27.5 - https:\/\/yoast.com\/product\/yoast-seo-wordpress\/ -->\n<title>CURSO: C\u00d3MO SE DEBEN PRESUPUESTAR LAS OBRAS ELECTROMEC\u00c1NICAS - Software para la Construcci\u00f3n \u2502An\u00e1lisis de Precios Unitarios \u2502Costos y Presupuestos \u2502Programaci\u00f3n \u2502Valorizaci\u00f3n \u2502Control de Obra por el Valor Ganado<\/title>\n<meta name=\"description\" content=\"Descargue gratuitamente Software y Manuales\" \/>\n<meta name=\"robots\" content=\"index, follow, max-snippet:-1, max-image-preview:large, max-video-preview:-1\" \/>\n<link rel=\"canonical\" href=\"https:\/\/construcsoft.com\/blog\/\" \/>\n<meta property=\"og:locale\" content=\"es_ES\" \/>\n<meta property=\"og:type\" content=\"article\" \/>\n<meta property=\"og:title\" content=\"CURSO: C\u00d3MO SE DEBEN PRESUPUESTAR LAS OBRAS ELECTROMEC\u00c1NICAS - Software para la Construcci\u00f3n \u2502An\u00e1lisis de Precios Unitarios \u2502Costos y Presupuestos \u2502Programaci\u00f3n \u2502Valorizaci\u00f3n \u2502Control de Obra por el Valor Ganado\" \/>\n<meta property=\"og:description\" content=\"Descargue gratuitamente Software y Manuales\" \/>\n<meta property=\"og:url\" content=\"https:\/\/construcsoft.com\/blog\/\" \/>\n<meta property=\"og:site_name\" content=\"Software para la Construcci\u00f3n \u2502An\u00e1lisis de Precios Unitarios \u2502Costos y Presupuestos \u2502Programaci\u00f3n \u2502Valorizaci\u00f3n \u2502Control de Obra por el Valor Ganado\" \/>\n<meta property=\"article:modified_time\" content=\"2026-01-30T14:53:45+00:00\" \/>\n<meta property=\"og:image\" content=\"https:\/\/construcsoft.com\/blog\/wp-content\/uploads\/2024\/05\/Para-Linkedin.jpg\" \/>\n\t<meta property=\"og:image:width\" content=\"1920\" \/>\n\t<meta property=\"og:image:height\" content=\"1089\" \/>\n\t<meta property=\"og:image:type\" content=\"image\/jpeg\" \/>\n<meta name=\"twitter:card\" content=\"summary_large_image\" \/>\n<meta name=\"twitter:label1\" content=\"Tiempo de lectura\" \/>\n\t<meta name=\"twitter:data1\" content=\"1 minuto\" \/>\n<script type=\"application\/ld+json\" class=\"yoast-schema-graph\">{\"@context\":\"https:\\\/\\\/schema.org\",\"@graph\":[{\"@type\":\"WebPage\",\"@id\":\"https:\\\/\\\/construcsoft.com\\\/blog\\\/\",\"url\":\"https:\\\/\\\/construcsoft.com\\\/blog\\\/\",\"name\":\"CURSO: C\u00d3MO SE DEBEN PRESUPUESTAR LAS OBRAS ELECTROMEC\u00c1NICAS - Software para la Construcci\u00f3n \u2502An\u00e1lisis de Precios Unitarios \u2502Costos y Presupuestos \u2502Programaci\u00f3n \u2502Valorizaci\u00f3n \u2502Control de Obra por el Valor Ganado\",\"isPartOf\":{\"@id\":\"https:\\\/\\\/construcsoft.com\\\/blog\\\/#website\"},\"primaryImageOfPage\":{\"@id\":\"https:\\\/\\\/construcsoft.com\\\/blog\\\/#primaryimage\"},\"image\":{\"@id\":\"https:\\\/\\\/construcsoft.com\\\/blog\\\/#primaryimage\"},\"thumbnailUrl\":\"https:\\\/\\\/construcsoft.com\\\/blog\\\/wp-content\\\/uploads\\\/2024\\\/05\\\/Para-Linkedin-1024x581.jpg\",\"datePublished\":\"2015-09-05T02:28:10+00:00\",\"dateModified\":\"2026-01-30T14:53:45+00:00\",\"description\":\"Descargue gratuitamente Software y Manuales\",\"breadcrumb\":{\"@id\":\"https:\\\/\\\/construcsoft.com\\\/blog\\\/#breadcrumb\"},\"inLanguage\":\"es\",\"potentialAction\":[{\"@type\":\"ReadAction\",\"target\":[\"https:\\\/\\\/construcsoft.com\\\/blog\\\/\"]}]},{\"@type\":\"ImageObject\",\"inLanguage\":\"es\",\"@id\":\"https:\\\/\\\/construcsoft.com\\\/blog\\\/#primaryimage\",\"url\":\"https:\\\/\\\/construcsoft.com\\\/blog\\\/wp-content\\\/uploads\\\/2024\\\/05\\\/Para-Linkedin.jpg\",\"contentUrl\":\"https:\\\/\\\/construcsoft.com\\\/blog\\\/wp-content\\\/uploads\\\/2024\\\/05\\\/Para-Linkedin.jpg\",\"width\":1920,\"height\":1089},{\"@type\":\"BreadcrumbList\",\"@id\":\"https:\\\/\\\/construcsoft.com\\\/blog\\\/#breadcrumb\",\"itemListElement\":[{\"@type\":\"ListItem\",\"position\":1,\"name\":\"Inicio\",\"item\":\"https:\\\/\\\/construcsoft.com\\\/blog\\\/\"},{\"@type\":\"ListItem\",\"position\":2,\"name\":\"CURSO: C\u00d3MO SE DEBEN PRESUPUESTAR LAS OBRAS ELECTROMEC\u00c1NICAS\"}]},{\"@type\":\"WebSite\",\"@id\":\"https:\\\/\\\/construcsoft.com\\\/blog\\\/#website\",\"url\":\"https:\\\/\\\/construcsoft.com\\\/blog\\\/\",\"name\":\"Software para la Construcci\u00f3n \u2502An\u00e1lisis de Precios Unitarios \u2502Costos y Presupuestos \u2502Programaci\u00f3n \u2502Valorizaci\u00f3n \u2502Control de Obra por el Valor Ganado\",\"description\":\"Software para Construcci\u00f3n - ConstrucSoft\",\"publisher\":{\"@id\":\"https:\\\/\\\/construcsoft.com\\\/blog\\\/#\\\/schema\\\/person\\\/f456897c1565f7ef1c628b8f708b39fb\"},\"potentialAction\":[{\"@type\":\"SearchAction\",\"target\":{\"@type\":\"EntryPoint\",\"urlTemplate\":\"https:\\\/\\\/construcsoft.com\\\/blog\\\/?s={search_term_string}\"},\"query-input\":{\"@type\":\"PropertyValueSpecification\",\"valueRequired\":true,\"valueName\":\"search_term_string\"}}],\"inLanguage\":\"es\"},{\"@type\":[\"Person\",\"Organization\"],\"@id\":\"https:\\\/\\\/construcsoft.com\\\/blog\\\/#\\\/schema\\\/person\\\/f456897c1565f7ef1c628b8f708b39fb\",\"name\":\"Gilberto Le\u00f3n Ruiz\",\"image\":{\"@type\":\"ImageObject\",\"inLanguage\":\"es\",\"@id\":\"https:\\\/\\\/construcsoft.com\\\/blog\\\/wp-content\\\/uploads\\\/2015\\\/09\\\/Foto_Beto.jpg\",\"url\":\"https:\\\/\\\/construcsoft.com\\\/blog\\\/wp-content\\\/uploads\\\/2015\\\/09\\\/Foto_Beto.jpg\",\"contentUrl\":\"https:\\\/\\\/construcsoft.com\\\/blog\\\/wp-content\\\/uploads\\\/2015\\\/09\\\/Foto_Beto.jpg\",\"width\":1600,\"height\":1200,\"caption\":\"Gilberto Le\u00f3n Ruiz\"},\"logo\":{\"@id\":\"https:\\\/\\\/construcsoft.com\\\/blog\\\/wp-content\\\/uploads\\\/2015\\\/09\\\/Foto_Beto.jpg\"},\"sameAs\":[\"http:\\\/\\\/CONSTRUCSOFT.COM\"]}]}<\/script>\n<!-- \/ Yoast SEO plugin. -->","yoast_head_json":{"title":"CURSO: C\u00d3MO SE DEBEN PRESUPUESTAR LAS OBRAS ELECTROMEC\u00c1NICAS - Software para la Construcci\u00f3n \u2502An\u00e1lisis de Precios Unitarios \u2502Costos y Presupuestos \u2502Programaci\u00f3n \u2502Valorizaci\u00f3n \u2502Control de Obra por el Valor Ganado","description":"Descargue gratuitamente Software y Manuales","robots":{"index":"index","follow":"follow","max-snippet":"max-snippet:-1","max-image-preview":"max-image-preview:large","max-video-preview":"max-video-preview:-1"},"canonical":"https:\/\/construcsoft.com\/blog\/","og_locale":"es_ES","og_type":"article","og_title":"CURSO: C\u00d3MO SE DEBEN PRESUPUESTAR LAS OBRAS ELECTROMEC\u00c1NICAS - Software para la Construcci\u00f3n \u2502An\u00e1lisis de Precios Unitarios \u2502Costos y Presupuestos \u2502Programaci\u00f3n \u2502Valorizaci\u00f3n \u2502Control de Obra por el Valor Ganado","og_description":"Descargue gratuitamente Software y Manuales","og_url":"https:\/\/construcsoft.com\/blog\/","og_site_name":"Software para la Construcci\u00f3n \u2502An\u00e1lisis de Precios Unitarios \u2502Costos y Presupuestos \u2502Programaci\u00f3n \u2502Valorizaci\u00f3n \u2502Control de Obra por el Valor Ganado","article_modified_time":"2026-01-30T14:53:45+00:00","og_image":[{"width":1920,"height":1089,"url":"https:\/\/construcsoft.com\/blog\/wp-content\/uploads\/2024\/05\/Para-Linkedin.jpg","type":"image\/jpeg"}],"twitter_card":"summary_large_image","twitter_misc":{"Tiempo de lectura":"1 minuto"},"schema":{"@context":"https:\/\/schema.org","@graph":[{"@type":"WebPage","@id":"https:\/\/construcsoft.com\/blog\/","url":"https:\/\/construcsoft.com\/blog\/","name":"CURSO: C\u00d3MO SE DEBEN PRESUPUESTAR LAS OBRAS ELECTROMEC\u00c1NICAS - Software para la Construcci\u00f3n \u2502An\u00e1lisis de Precios Unitarios \u2502Costos y Presupuestos \u2502Programaci\u00f3n \u2502Valorizaci\u00f3n \u2502Control de Obra por el Valor Ganado","isPartOf":{"@id":"https:\/\/construcsoft.com\/blog\/#website"},"primaryImageOfPage":{"@id":"https:\/\/construcsoft.com\/blog\/#primaryimage"},"image":{"@id":"https:\/\/construcsoft.com\/blog\/#primaryimage"},"thumbnailUrl":"https:\/\/construcsoft.com\/blog\/wp-content\/uploads\/2024\/05\/Para-Linkedin-1024x581.jpg","datePublished":"2015-09-05T02:28:10+00:00","dateModified":"2026-01-30T14:53:45+00:00","description":"Descargue gratuitamente Software y Manuales","breadcrumb":{"@id":"https:\/\/construcsoft.com\/blog\/#breadcrumb"},"inLanguage":"es","potentialAction":[{"@type":"ReadAction","target":["https:\/\/construcsoft.com\/blog\/"]}]},{"@type":"ImageObject","inLanguage":"es","@id":"https:\/\/construcsoft.com\/blog\/#primaryimage","url":"https:\/\/construcsoft.com\/blog\/wp-content\/uploads\/2024\/05\/Para-Linkedin.jpg","contentUrl":"https:\/\/construcsoft.com\/blog\/wp-content\/uploads\/2024\/05\/Para-Linkedin.jpg","width":1920,"height":1089},{"@type":"BreadcrumbList","@id":"https:\/\/construcsoft.com\/blog\/#breadcrumb","itemListElement":[{"@type":"ListItem","position":1,"name":"Inicio","item":"https:\/\/construcsoft.com\/blog\/"},{"@type":"ListItem","position":2,"name":"CURSO: C\u00d3MO SE DEBEN PRESUPUESTAR LAS OBRAS ELECTROMEC\u00c1NICAS"}]},{"@type":"WebSite","@id":"https:\/\/construcsoft.com\/blog\/#website","url":"https:\/\/construcsoft.com\/blog\/","name":"Software para la Construcci\u00f3n \u2502An\u00e1lisis de Precios Unitarios \u2502Costos y Presupuestos \u2502Programaci\u00f3n \u2502Valorizaci\u00f3n \u2502Control de Obra por el Valor Ganado","description":"Software para Construcci\u00f3n - ConstrucSoft","publisher":{"@id":"https:\/\/construcsoft.com\/blog\/#\/schema\/person\/f456897c1565f7ef1c628b8f708b39fb"},"potentialAction":[{"@type":"SearchAction","target":{"@type":"EntryPoint","urlTemplate":"https:\/\/construcsoft.com\/blog\/?s={search_term_string}"},"query-input":{"@type":"PropertyValueSpecification","valueRequired":true,"valueName":"search_term_string"}}],"inLanguage":"es"},{"@type":["Person","Organization"],"@id":"https:\/\/construcsoft.com\/blog\/#\/schema\/person\/f456897c1565f7ef1c628b8f708b39fb","name":"Gilberto Le\u00f3n Ruiz","image":{"@type":"ImageObject","inLanguage":"es","@id":"https:\/\/construcsoft.com\/blog\/wp-content\/uploads\/2015\/09\/Foto_Beto.jpg","url":"https:\/\/construcsoft.com\/blog\/wp-content\/uploads\/2015\/09\/Foto_Beto.jpg","contentUrl":"https:\/\/construcsoft.com\/blog\/wp-content\/uploads\/2015\/09\/Foto_Beto.jpg","width":1600,"height":1200,"caption":"Gilberto Le\u00f3n Ruiz"},"logo":{"@id":"https:\/\/construcsoft.com\/blog\/wp-content\/uploads\/2015\/09\/Foto_Beto.jpg"},"sameAs":["http:\/\/CONSTRUCSOFT.COM"]}]}},"_links":{"self":[{"href":"https:\/\/construcsoft.com\/blog\/wp-json\/wp\/v2\/pages\/92","targetHints":{"allow":["GET"]}}],"collection":[{"href":"https:\/\/construcsoft.com\/blog\/wp-json\/wp\/v2\/pages"}],"about":[{"href":"https:\/\/construcsoft.com\/blog\/wp-json\/wp\/v2\/types\/page"}],"author":[{"embeddable":true,"href":"https:\/\/construcsoft.com\/blog\/wp-json\/wp\/v2\/users\/2"}],"replies":[{"embeddable":true,"href":"https:\/\/construcsoft.com\/blog\/wp-json\/wp\/v2\/comments?post=92"}],"version-history":[{"count":67,"href":"https:\/\/construcsoft.com\/blog\/wp-json\/wp\/v2\/pages\/92\/revisions"}],"predecessor-version":[{"id":945,"href":"https:\/\/construcsoft.com\/blog\/wp-json\/wp\/v2\/pages\/92\/revisions\/945"}],"wp:attachment":[{"href":"https:\/\/construcsoft.com\/blog\/wp-json\/wp\/v2\/media?parent=92"}],"curies":[{"name":"wp","href":"https:\/\/api.w.org\/{rel}","templated":true}]}}